{"id":987509642,"date":"2024-05-06T09:16:31","date_gmt":"2024-05-06T09:16:31","guid":{"rendered":"https:\/\/eurobauer.sk\/en\/?page_id=987509642"},"modified":"2024-05-06T14:58:59","modified_gmt":"2024-05-06T14:58:59","slug":"rodinny-dom-durdove-povazska-bystrica","status":"publish","type":"page","link":"https:\/\/eurobauer.sk\/en\/rodinny-dom-durdove-povazska-bystrica\/","title":{"rendered":"Rodinn\u00fd dom \u010eur\u010fov\u00e9 \u2013 Pova\u017esk\u00e1 Bystrica"},"content":{"rendered":"<p>[et_pb_section fb_built=&#8221;1&#8243; custom_padding_last_edited=&#8221;on|phone&#8221; _builder_version=&#8221;4.25.0&#8243; _module_preset=&#8221;default&#8221; background_image=&#8221;https:\/\/eurobauer.sk\/en\/wp-content\/uploads\/2024\/05\/rd1.jpg&#8221; max_height_tablet=&#8221;&#8221; max_height_phone=&#8221;568px&#8221; max_height_last_edited=&#8221;on|phone&#8221; custom_padding=&#8221;276px||29px||false|false&#8221; custom_padding_tablet=&#8221;&#8221; custom_padding_phone=&#8221;142px||0px||false|false&#8221; global_colors_info=&#8221;{}&#8221;][et_pb_row _builder_version=&#8221;4.16.1&#8243; _module_preset=&#8221;default&#8221; width=&#8221;95%&#8221; max_width=&#8221;2177px&#8221; min_height=&#8221;205.2px&#8221; global_colors_info=&#8221;{}&#8221;][et_pb_column type=&#8221;4_4&#8243; _builder_version=&#8221;4.16&#8243; _module_preset=&#8221;default&#8221; global_colors_info=&#8221;{}&#8221;][et_pb_text _builder_version=&#8221;4.25.0&#8243; _module_preset=&#8221;default&#8221; header_font=&#8221;Georgia||||||||&#8221; header_text_color=&#8221;#FFFFFF&#8221; header_font_size=&#8221;57px&#8221; header_letter_spacing=&#8221;3px&#8221; header_line_height=&#8221;1.2em&#8221; width=&#8221;95%&#8221; header_font_size_tablet=&#8221;71px&#8221; header_font_size_phone=&#8221;44px&#8221; header_font_size_last_edited=&#8221;on|phone&#8221; global_colors_info=&#8221;{}&#8221;]<\/p>\n<h1>Rodinn\u00fd dom \u010eur\u010fov\u00e9<br \/>\nPova\u017esk\u00e1 Bystrica <\/h1>\n<p>[\/et_pb_text][\/et_pb_column][\/et_pb_row][\/et_pb_section][et_pb_section fb_built=&#8221;1&#8243; _builder_version=&#8221;4.16&#8243; _module_preset=&#8221;default&#8221; background_enable_image=&#8221;off&#8221; parallax=&#8221;on&#8221; custom_padding=&#8221;||38px|||&#8221; global_colors_info=&#8221;{}&#8221;][et_pb_row column_structure=&#8221;3_5,2_5&#8243; _builder_version=&#8221;4.25.0&#8243; _module_preset=&#8221;default&#8221; width=&#8221;90%&#8221; max_width=&#8221;1600px&#8221; custom_padding=&#8221;17px|||||&#8221; global_colors_info=&#8221;{}&#8221;][et_pb_column type=&#8221;3_5&#8243; _builder_version=&#8221;4.17.0&#8243; _module_preset=&#8221;default&#8221; global_colors_info=&#8221;{}&#8221;][et_pb_text _builder_version=&#8221;4.25.0&#8243; _module_preset=&#8221;default&#8221; text_font=&#8221;Poppins|800||on|||||&#8221; text_text_color=&#8221;#000000&#8243; text_font_size=&#8221;30px&#8221; text_letter_spacing=&#8221;1px&#8221; text_line_height=&#8221;1em&#8221; custom_margin=&#8221;||-2px||false|false&#8221; custom_padding=&#8221;||0px||false|false&#8221; global_colors_info=&#8221;{}&#8221;]<\/p>\n<p style=\"text-align: left;\">Popis projektu:<\/p>\n<p><span><\/span><\/p>\n<p>[\/et_pb_text][et_pb_text _builder_version=&#8221;4.25.0&#8243; _module_preset=&#8221;default&#8221; text_text_color=&#8221;#000000&#8243; global_colors_info=&#8221;{}&#8221;]<\/p>\n<p style=\"text-align: left;\">Projekt zah\u0155\u0148a v\u00fdstavbu rodinn\u00e9ho domu typu bungalov, ktor\u00fd je na svojej polovici p\u00f4dorysnej plochy \u010diasto\u010dne zapusten\u00fd do svahu v novej v\u00fdstavbe rodinn\u00fdch domov v n\u00e1dhernom prostred\u00ed Horn\u00e9ho Pova\u017eia v okrese Pova\u017esk\u00e1 Bystrica.<br \/>Dom ma samostatne stojacu gar\u00e1\u017e, ktor\u00e1 spolu s domom vytv\u00e1ra ide\u00e1lny koncept na roz\u013eahlom pozemku, ktor\u00e9ho unik\u00e1tnos\u0165 dotv\u00e1ra rozmanit\u00e1 z\u00e1hrada.<br \/>Okolit\u00e1 pr\u00edroda p\u00f4sob\u00ed blahodarne a spolu s t\u00fdmto v\u00fdnimo\u010dn\u00fdm projektom v princ\u00edpe dvojpodla\u017en\u00fdm domom vytv\u00e1ra harm\u00f3niu a spokojnos\u0165 pre b\u00fdvanie v najatrakt\u00edvnej\u0161om regi\u00f3ne Slovenska.<\/p>\n<p>[\/et_pb_text][\/et_pb_column][et_pb_column type=&#8221;2_5&#8243; _builder_version=&#8221;4.17.0&#8243; _module_preset=&#8221;default&#8221; global_colors_info=&#8221;{}&#8221;][et_pb_text _builder_version=&#8221;4.25.0&#8243; _module_preset=&#8221;default&#8221; text_text_color=&#8221;#000000&#8243; text_line_height=&#8221;1.8em&#8221; header_text_align=&#8221;justify&#8221; text_orientation=&#8221;justified&#8221; max_width=&#8221;100%&#8221; module_alignment=&#8221;left&#8221; custom_margin=&#8221;|-385px|4px|||&#8221; custom_padding=&#8221;|0px|0px|||&#8221; global_colors_info=&#8221;{}&#8221;]<\/p>\n<ul>\n<li>Obytn\u00e1 rozloha 1 podla\u017eie: <strong>131,4m2<\/strong><\/li>\n<li>Obytn\u00e1 rozloha suter\u00e9n: <strong>59,8 m2<\/strong><\/li>\n<li>V\u00fdmera parcely: <strong>1080 m2<\/strong><\/li>\n<li>V\u00fdmera gar\u00e1\u017ee: <strong>43,12 plus 46,05 m2<\/strong><\/li>\n<\/ul>\n<p>[\/et_pb_text][\/et_pb_column][\/et_pb_row][\/et_pb_section][et_pb_section fb_built=&#8221;1&#8243; _builder_version=&#8221;4.16&#8243; _module_preset=&#8221;default&#8221; background_image=&#8221;https:\/\/eurobauer.sk\/en\/wp-content\/uploads\/2021\/01\/slider-bck1.png&#8221; parallax=&#8221;on&#8221; custom_padding=&#8221;31px|||||&#8221; global_colors_info=&#8221;{}&#8221;][et_pb_row _builder_version=&#8221;4.16.1&#8243; _module_preset=&#8221;default&#8221; width=&#8221;98%&#8221; max_width=&#8221;2177px&#8221; custom_margin=&#8221;||39px||false|false&#8221; custom_padding=&#8221;||4px|||&#8221; global_colors_info=&#8221;{}&#8221;][et_pb_column type=&#8221;4_4&#8243; _builder_version=&#8221;4.16&#8243; _module_preset=&#8221;default&#8221; global_colors_info=&#8221;{}&#8221;][et_pb_text _builder_version=&#8221;4.17.0&#8243; _module_preset=&#8221;default&#8221; text_font=&#8221;Poppins|700||on|||||&#8221; text_text_color=&#8221;#000000&#8243; text_font_size=&#8221;50px&#8221; text_letter_spacing=&#8221;10px&#8221; min_height=&#8221;23.4px&#8221; custom_margin=&#8221;||||false|false&#8221; custom_padding=&#8221;||||false|false&#8221; text_font_size_tablet=&#8221;&#8221; text_font_size_phone=&#8221;42px&#8221; text_font_size_last_edited=&#8221;on|phone&#8221; text_letter_spacing_tablet=&#8221;&#8221; text_letter_spacing_phone=&#8221;5px&#8221; text_letter_spacing_last_edited=&#8221;on|phone&#8221; text_line_height_tablet=&#8221;&#8221; text_line_height_phone=&#8221;&#8221; text_line_height_last_edited=&#8221;on|phone&#8221; global_colors_info=&#8221;{}&#8221;]<\/p>\n<p style=\"text-align: center;\">Gal\u00e9ria<\/p>\n<p>[\/et_pb_text][et_pb_divider color=&#8221;#000000&#8243; divider_weight=&#8221;4px&#8221; _builder_version=&#8221;4.17.0&#8243; _module_preset=&#8221;default&#8221; width=&#8221;4%&#8221; width_tablet=&#8221;4%&#8221; width_phone=&#8221;60%&#8221; width_last_edited=&#8221;on|phone&#8221; module_alignment=&#8221;center&#8221; custom_margin=&#8221;0px||0px||false|false&#8221; custom_padding=&#8221;0px||0px||true|false&#8221; global_colors_info=&#8221;{}&#8221;][\/et_pb_divider][\/et_pb_column][\/et_pb_row][et_pb_row use_custom_gutter=&#8221;on&#8221; gutter_width=&#8221;2&#8243; _builder_version=&#8221;4.16.1&#8243; _module_preset=&#8221;default&#8221; width=&#8221;98%&#8221; max_width=&#8221;2177px&#8221; module_alignment=&#8221;center&#8221; custom_padding=&#8221;5px||33px|||&#8221; global_colors_info=&#8221;{}&#8221;][et_pb_column type=&#8221;4_4&#8243; _builder_version=&#8221;4.16&#8243; _module_preset=&#8221;default&#8221; global_colors_info=&#8221;{}&#8221;][et_pb_gallery gallery_ids=&#8221;987509650,987509651,987509652,987509653,987509654,987509655,987509656&#8243; posts_number=&#8221;8&#8243; show_title_and_caption=&#8221;off&#8221; _builder_version=&#8221;4.25.0&#8243; _module_preset=&#8221;default&#8221; module_alignment=&#8221;left&#8221; custom_margin=&#8221;||-1px||false|false&#8221; hover_enabled=&#8221;0&#8243; global_colors_info=&#8221;{}&#8221; transform_styles__hover_enabled=&#8221;on|hover&#8221; transform_scale__hover_enabled=&#8221;on|hover&#8221; transform_translate__hover_enabled=&#8221;on|hover&#8221; transform_rotate__hover_enabled=&#8221;on|desktop&#8221; transform_skew__hover_enabled=&#8221;on|desktop&#8221; transform_origin__hover_enabled=&#8221;on|desktop&#8221; sticky_enabled=&#8221;0&#8243;][\/et_pb_gallery][\/et_pb_column][\/et_pb_row][\/et_pb_section][et_pb_section fb_built=&#8221;1&#8243; _builder_version=&#8221;4.25.0&#8243; _module_preset=&#8221;default&#8221; background_image=&#8221;https:\/\/eurobauer.sk\/en\/wp-content\/uploads\/2024\/05\/rd2a.jpg&#8221; custom_margin=&#8221;-118px||||false|false&#8221; custom_padding=&#8221;293px||293px||true|false&#8221; global_colors_info=&#8221;{}&#8221;][\/et_pb_section]<\/p>\n","protected":false},"excerpt":{"rendered":"<p>Rodinn\u00fd dom \u010eur\u010fov\u00e9 Pova\u017esk\u00e1 Bystrica Popis projektu: Projekt zah\u0155\u0148a v\u00fdstavbu rodinn\u00e9ho domu typu bungalov, ktor\u00fd je na svojej polovici p\u00f4dorysnej plochy \u010diasto\u010dne zapusten\u00fd do svahu v novej v\u00fdstavbe rodinn\u00fdch domov v n\u00e1dhernom prostred\u00ed Horn\u00e9ho Pova\u017eia v okrese Pova\u017esk\u00e1 Bystrica.Dom ma samostatne stojacu gar\u00e1\u017e, ktor\u00e1 spolu s domom vytv\u00e1ra ide\u00e1lny koncept na roz\u013eahlom pozemku, ktor\u00e9ho unik\u00e1tnos\u0165 [&hellip;]<\/p>\n","protected":false},"author":1,"featured_media":0,"parent":0,"menu_order":0,"comment_status":"closed","ping_status":"closed","template":"","meta":{"_et_pb_use_builder":"on","_et_pb_old_content":"","_et_gb_content_width":"","footnotes":""},"_links":{"self":[{"href":"https:\/\/eurobauer.sk\/en\/wp-json\/wp\/v2\/pages\/987509642"}],"collection":[{"href":"https:\/\/eurobauer.sk\/en\/wp-json\/wp\/v2\/pages"}],"about":[{"href":"https:\/\/eurobauer.sk\/en\/wp-json\/wp\/v2\/types\/page"}],"author":[{"embeddable":true,"href":"https:\/\/eurobauer.sk\/en\/wp-json\/wp\/v2\/users\/1"}],"replies":[{"embeddable":true,"href":"https:\/\/eurobauer.sk\/en\/wp-json\/wp\/v2\/comments?post=987509642"}],"version-history":[{"count":7,"href":"https:\/\/eurobauer.sk\/en\/wp-json\/wp\/v2\/pages\/987509642\/revisions"}],"predecessor-version":[{"id":987509719,"href":"https:\/\/eurobauer.sk\/en\/wp-json\/wp\/v2\/pages\/987509642\/revisions\/987509719"}],"wp:attachment":[{"href":"https:\/\/eurobauer.sk\/en\/wp-json\/wp\/v2\/media?parent=987509642"}],"curies":[{"name":"wp","href":"https:\/\/api.w.org\/{rel}","templated":true}]}}