{"id":24,"date":"2021-01-25T07:39:13","date_gmt":"2021-01-25T07:39:13","guid":{"rendered":"https:\/\/eurobauer.sk\/en\/?page_id=24"},"modified":"2022-04-13T06:28:25","modified_gmt":"2022-04-13T06:28:25","slug":"2rd-horse-valleys","status":"publish","type":"page","link":"https:\/\/eurobauer.sk\/en\/2rd-horse-valleys\/","title":{"rendered":"2RD Horse Valleys"},"content":{"rendered":"<p>[et_pb_section fb_built=&#8221;1&#8243; custom_padding_last_edited=&#8221;on|phone&#8221; _builder_version=&#8221;4.17.0&#8243; _module_preset=&#8221;default&#8221; background_image=&#8221;https:\/\/eurobauer.sk\/en\/wp-content\/uploads\/2021\/03\/hv1-1.jpg&#8221; max_height_tablet=&#8221;&#8221; max_height_phone=&#8221;568px&#8221; max_height_last_edited=&#8221;on|phone&#8221; custom_padding=&#8221;276px||29px||false|false&#8221; custom_padding_tablet=&#8221;&#8221; custom_padding_phone=&#8221;142px||0px||false|false&#8221; global_colors_info=&#8221;{}&#8221;][et_pb_row _builder_version=&#8221;4.16.1&#8243; _module_preset=&#8221;default&#8221; width=&#8221;95%&#8221; max_width=&#8221;2177px&#8221; min_height=&#8221;205.2px&#8221; global_colors_info=&#8221;{}&#8221;][et_pb_column type=&#8221;4_4&#8243; _builder_version=&#8221;4.16&#8243; _module_preset=&#8221;default&#8221; global_colors_info=&#8221;{}&#8221;][et_pb_text _builder_version=&#8221;4.17.0&#8243; _module_preset=&#8221;default&#8221; header_font=&#8221;Georgia||||||||&#8221; header_text_color=&#8221;#FFFFFF&#8221; header_font_size=&#8221;57px&#8221; header_letter_spacing=&#8221;3px&#8221; header_line_height=&#8221;1.2em&#8221; width=&#8221;95%&#8221; custom_margin=&#8221;||6px||false|false&#8221; header_font_size_tablet=&#8221;71px&#8221; header_font_size_phone=&#8221;44px&#8221; header_font_size_last_edited=&#8221;on|phone&#8221; global_colors_info=&#8221;{}&#8221;]<\/p>\n<h1>2RD Horse Valleys<\/h1>\n<p>[\/et_pb_text][et_pb_text _builder_version=&#8221;4.17.0&#8243; _module_preset=&#8221;default&#8221; text_font=&#8221;|700|||||||&#8221; text_text_color=&#8221;#FFFFFF&#8221; text_font_size=&#8221;16px&#8221; text_letter_spacing=&#8221;1px&#8221; width=&#8221;30%&#8221; width_tablet=&#8221;50%&#8221; width_phone=&#8221;100%&#8221; width_last_edited=&#8221;on|tablet&#8221; max_width=&#8221;30%&#8221; max_width_tablet=&#8221;50%&#8221; max_width_phone=&#8221;100%&#8221; max_width_last_edited=&#8221;on|phone&#8221; text_text_shadow_style=&#8221;preset3&#8243; text_text_shadow_color=&#8221;rgba(0,0,0,0.52)&#8221; global_colors_info=&#8221;{}&#8221;]Ohromuj\u00faci na mieru realizovan\u00fd viacgenera\u010dn\u00fd projekt, ktor\u00fd n\u00e1jdete\u00a0 v objat\u00ed\u00a0 Rajeckej doliny obklopen\u00fd \u0161irok\u00fdmi priestranstvami l\u00fak.[\/et_pb_text][et_pb_text _builder_version=&#8221;4.17.0&#8243; _module_preset=&#8221;default&#8221; text_font=&#8221;|700|||||||&#8221; text_text_color=&#8221;#FFFFFF&#8221; text_letter_spacing=&#8221;2px&#8221; header_text_align=&#8221;center&#8221; background_color=&#8221;#E02B20&#8243; text_orientation=&#8221;center&#8221; background_layout=&#8221;dark&#8221; width=&#8221;8%&#8221; width_tablet=&#8221;15%&#8221; width_phone=&#8221;30%&#8221; width_last_edited=&#8221;on|tablet&#8221; max_width=&#8221;8%&#8221; max_width_tablet=&#8221;15%&#8221; max_width_phone=&#8221;30%&#8221; max_width_last_edited=&#8221;on|phone&#8221; module_alignment=&#8221;left&#8221; custom_margin=&#8221;-20px||||false|false&#8221; custom_padding=&#8221;0px||0px||false|false&#8221; hover_enabled=&#8221;0&#8243; global_colors_info=&#8221;{}&#8221; sticky_enabled=&#8221;0&#8243;]<\/p>\n<p style=\"text-align: center;\">UKON\u010cEN\u00dd<\/p>\n<p>[\/et_pb_text][\/et_pb_column][\/et_pb_row][\/et_pb_section][et_pb_section fb_built=&#8221;1&#8243; _builder_version=&#8221;4.16.1&#8243; _module_preset=&#8221;default&#8221; background_image=&#8221;https:\/\/eurobauer.sk\/en\/wp-content\/uploads\/2021\/01\/slider-bck1.png&#8221; parallax=&#8221;on&#8221; custom_padding=&#8221;||5px||false|false&#8221; global_colors_info=&#8221;{}&#8221;][et_pb_row _builder_version=&#8221;4.16.1&#8243; _module_preset=&#8221;default&#8221; width=&#8221;90%&#8221; max_width=&#8221;1600px&#8221; global_colors_info=&#8221;{}&#8221;][et_pb_column type=&#8221;4_4&#8243; _builder_version=&#8221;4.16&#8243; _module_preset=&#8221;default&#8221; global_colors_info=&#8221;{}&#8221;][et_pb_text _builder_version=&#8221;4.16&#8243; _module_preset=&#8221;default&#8221; text_font=&#8221;Sarabun|800||on|||||&#8221; text_text_color=&#8221;#000000&#8243; text_font_size=&#8221;30px&#8221; text_letter_spacing=&#8221;1px&#8221; text_line_height=&#8221;1em&#8221; custom_padding=&#8221;||0px|||&#8221; global_colors_info=&#8221;{}&#8221;]<\/p>\n<p><span>O\u00a0projekte:<\/span><\/p>\n<p><span><\/span><\/p>\n<p>[\/et_pb_text][\/et_pb_column][\/et_pb_row][et_pb_row column_structure=&#8221;1_2,1_4,1_4&#8243; _builder_version=&#8221;4.16.1&#8243; _module_preset=&#8221;default&#8221; width=&#8221;90%&#8221; max_width=&#8221;1600px&#8221; min_height=&#8221;219px&#8221; custom_margin=&#8221;-35px|auto||auto||&#8221; custom_padding=&#8221;0px|||||&#8221; global_colors_info=&#8221;{}&#8221;][et_pb_column type=&#8221;1_2&#8243; _builder_version=&#8221;4.16&#8243; _module_preset=&#8221;default&#8221; global_colors_info=&#8221;{}&#8221;][et_pb_text _builder_version=&#8221;4.16&#8243; _module_preset=&#8221;default&#8221; text_text_color=&#8221;#000000&#8243; text_line_height=&#8221;1.8em&#8221; header_text_align=&#8221;justify&#8221; text_orientation=&#8221;justified&#8221; max_width=&#8221;100%&#8221; module_alignment=&#8221;left&#8221; custom_margin=&#8221;|-385px||||&#8221; custom_padding=&#8221;|0px|0px|||&#8221; global_colors_info=&#8221;{}&#8221;]<\/p>\n<p>Obidva rodinn\u00e9 domy s\u00fa kr\u00e1sne a maj\u00fa dokonal\u00fa ve\u013ekos\u0165 pre spokojn\u00fd \u017eivot\u00a0 celej rodiny v tesnej bl\u00edzkosti, ktor\u00e1 bola pre klienta prioritou. Projekt ako tak\u00fd pr\u00e1ve v\u010faka takejto u\u017e\u00edvate\u013eskej n\u00e1ro\u010dnosti sa stal jedine\u010dn\u00fdm spomedzi realitn\u00fdch\u00a0 pon\u00fak. V rodinn\u00fdch domoch nie je n\u00fadza o obytn\u00e9 a oddychov\u00e9 plochy. Klienti tu n\u00e1jdu spojenie pokoja spolu s kult\u00farnym vy\u017eit\u00edm. Poloha objektov je\u00a0vynikaj\u00faca a je pova\u017eovan\u00e1 za jednu z najlep\u0161\u00edch v r\u00e1mci dosahu nezamenite\u013enej atmosf\u00e9ry k\u00fape\u013en\u00e9ho mesta Rajeck\u00e9 Teplice.<\/p>\n<p>[\/et_pb_text][\/et_pb_column][et_pb_column type=&#8221;1_4&#8243; _builder_version=&#8221;4.16&#8243; _module_preset=&#8221;default&#8221; global_colors_info=&#8221;{}&#8221;][et_pb_blurb title=&#8221;RD 1&#8243; _builder_version=&#8221;4.16&#8243; _module_preset=&#8221;default&#8221; header_font=&#8221;Sarabun|700||on|||||&#8221; header_text_align=&#8221;left&#8221; header_font_size=&#8221;18px&#8221; body_font=&#8221;Sarabun||||||||&#8221; body_text_align=&#8221;left&#8221; body_text_color=&#8221;#000000&#8243; width=&#8221;100%&#8221; module_alignment=&#8221;left&#8221; custom_margin=&#8221;|||0px||&#8221; module_alignment_tablet=&#8221;left&#8221; module_alignment_phone=&#8221;center&#8221; module_alignment_last_edited=&#8221;on|phone&#8221; global_colors_info=&#8221;{}&#8221;]Dom s\u00a0gar\u00e1\u017eou<br \/>\nV\u00fdmera: 163,4 m<sup>2<\/sup><br \/>\nTerasa: 45,2 m<sup>2<\/sup><br \/>\nV\u00fdmera pozemku: 666m<sup>2<\/sup>[\/et_pb_blurb][\/et_pb_column][et_pb_column type=&#8221;1_4&#8243; _builder_version=&#8221;4.16&#8243; _module_preset=&#8221;default&#8221; global_colors_info=&#8221;{}&#8221;][et_pb_blurb title=&#8221;RD 2&#8243; _builder_version=&#8221;4.16&#8243; _module_preset=&#8221;default&#8221; header_font=&#8221;Sarabun|700||on|||||&#8221; header_text_align=&#8221;left&#8221; header_font_size=&#8221;18px&#8221; body_font=&#8221;Sarabun||||||||&#8221; body_text_align=&#8221;left&#8221; body_text_color=&#8221;#000000&#8243; custom_margin=&#8221;|||0px|false|false&#8221; global_colors_info=&#8221;{}&#8221;]<\/p>\n<p>Dvojdom bez gar\u00e1\u017ee<br \/> Jednotka A \u2013 58,6m<sup>2<\/sup><br \/> Jednotka B \u2013 72,2 m<sup>2<\/sup><br \/> V\u00fdmera pozemku : 543m<sup>2<\/sup><\/p>\n<p>[\/et_pb_blurb][\/et_pb_column][\/et_pb_row][et_pb_row use_custom_gutter=&#8221;on&#8221; gutter_width=&#8221;2&#8243; _builder_version=&#8221;4.16.1&#8243; _module_preset=&#8221;default&#8221; width=&#8221;98%&#8221; max_width=&#8221;2177px&#8221; module_alignment=&#8221;center&#8221; custom_padding=&#8221;5px|||||&#8221; global_colors_info=&#8221;{}&#8221;][et_pb_column type=&#8221;4_4&#8243; _builder_version=&#8221;4.16&#8243; _module_preset=&#8221;default&#8221; global_colors_info=&#8221;{}&#8221;][et_pb_text _builder_version=&#8221;4.16&#8243; _module_preset=&#8221;default&#8221; text_font=&#8221;Sarabun|800||on|||||&#8221; text_text_color=&#8221;#000000&#8243; text_font_size=&#8221;30px&#8221; text_letter_spacing=&#8221;1px&#8221; text_line_height=&#8221;1em&#8221; custom_margin=&#8221;15px|||||&#8221; custom_padding=&#8221;||0px|||&#8221; global_colors_info=&#8221;{}&#8221;]<\/p>\n<p><span>Gal\u00e9ria:<\/span><\/p>\n<p><span><\/span><\/p>\n<p>[\/et_pb_text][et_pb_gallery gallery_ids=&#8221;951,952,953,954,955,956,957,958,959,960&#8243; posts_number=&#8221;8&#8243; show_title_and_caption=&#8221;off&#8221; _builder_version=&#8221;4.16&#8243; _module_preset=&#8221;default&#8221; module_alignment=&#8221;left&#8221; global_colors_info=&#8221;{}&#8221; transform_styles__hover_enabled=&#8221;on|hover&#8221; transform_scale__hover_enabled=&#8221;on|hover&#8221; transform_translate__hover_enabled=&#8221;on|hover&#8221; transform_rotate__hover_enabled=&#8221;on|desktop&#8221; transform_skew__hover_enabled=&#8221;on|desktop&#8221; transform_origin__hover_enabled=&#8221;on|desktop&#8221;][\/et_pb_gallery][\/et_pb_column][\/et_pb_row][\/et_pb_section][et_pb_section fb_built=&#8221;1&#8243; _builder_version=&#8221;4.16.1&#8243; _module_preset=&#8221;default&#8221; custom_margin=&#8221;0px||0px||true|false&#8221; custom_padding=&#8221;0px||0px||true|false&#8221; global_colors_info=&#8221;{}&#8221;][et_pb_row _builder_version=&#8221;4.17.0&#8243; _module_preset=&#8221;default&#8221; background_image=&#8221;https:\/\/eurobauer.sk\/en\/wp-content\/uploads\/2021\/03\/hv6.jpg&#8221; width=&#8221;100%&#8221; max_width=&#8221;2177px&#8221; global_colors_info=&#8221;{}&#8221;][et_pb_column type=&#8221;4_4&#8243; _builder_version=&#8221;4.16&#8243; _module_preset=&#8221;default&#8221; global_colors_info=&#8221;{}&#8221;][et_pb_divider color=&#8221;RGBA(255,255,255,0)&#8221; _builder_version=&#8221;4.16.1&#8243; _module_preset=&#8221;default&#8221; custom_margin=&#8221;296px||296px||true|false&#8221; custom_margin_tablet=&#8221;296px||296px||true|false&#8221; custom_margin_phone=&#8221;142px||142px||true|false&#8221; custom_margin_last_edited=&#8221;on|phone&#8221; global_colors_info=&#8221;{}&#8221;][\/et_pb_divider][\/et_pb_column][\/et_pb_row][\/et_pb_section]<\/p>\n","protected":false},"excerpt":{"rendered":"<p>2RD Horse ValleysOhromuj\u00faci na mieru realizovan\u00fd viacgenera\u010dn\u00fd projekt, ktor\u00fd n\u00e1jdete\u00a0 v objat\u00ed\u00a0 Rajeckej doliny obklopen\u00fd \u0161irok\u00fdmi priestranstvami l\u00fak.UKON\u010cEN\u00ddO\u00a0projekte: Obidva rodinn\u00e9 domy s\u00fa kr\u00e1sne a maj\u00fa dokonal\u00fa ve\u013ekos\u0165 pre spokojn\u00fd \u017eivot\u00a0 celej rodiny v tesnej bl\u00edzkosti, ktor\u00e1 bola pre klienta prioritou. Projekt ako tak\u00fd pr\u00e1ve v\u010faka takejto u\u017e\u00edvate\u013eskej n\u00e1ro\u010dnosti sa stal jedine\u010dn\u00fdm spomedzi realitn\u00fdch\u00a0 pon\u00fak. V [&hellip;]<\/p>\n","protected":false},"author":1,"featured_media":0,"parent":0,"menu_order":0,"comment_status":"closed","ping_status":"closed","template":"","meta":{"_et_pb_use_builder":"on","_et_pb_old_content":"<!-- wp:divi\/placeholder \/-->","_et_gb_content_width":"","footnotes":""},"_links":{"self":[{"href":"https:\/\/eurobauer.sk\/en\/wp-json\/wp\/v2\/pages\/24"}],"collection":[{"href":"https:\/\/eurobauer.sk\/en\/wp-json\/wp\/v2\/pages"}],"about":[{"href":"https:\/\/eurobauer.sk\/en\/wp-json\/wp\/v2\/types\/page"}],"author":[{"embeddable":true,"href":"https:\/\/eurobauer.sk\/en\/wp-json\/wp\/v2\/users\/1"}],"replies":[{"embeddable":true,"href":"https:\/\/eurobauer.sk\/en\/wp-json\/wp\/v2\/comments?post=24"}],"version-history":[{"count":32,"href":"https:\/\/eurobauer.sk\/en\/wp-json\/wp\/v2\/pages\/24\/revisions"}],"predecessor-version":[{"id":1616,"href":"https:\/\/eurobauer.sk\/en\/wp-json\/wp\/v2\/pages\/24\/revisions\/1616"}],"wp:attachment":[{"href":"https:\/\/eurobauer.sk\/en\/wp-json\/wp\/v2\/media?parent=24"}],"curies":[{"name":"wp","href":"https:\/\/api.w.org\/{rel}","templated":true}]}}