{"id":1514,"date":"2022-04-12T09:07:03","date_gmt":"2022-04-12T09:07:03","guid":{"rendered":"https:\/\/eurobauer.sk\/en\/?page_id=1514"},"modified":"2022-04-12T12:23:13","modified_gmt":"2022-04-12T12:23:13","slug":"sankt-johannes-2-etapa","status":"publish","type":"page","link":"https:\/\/eurobauer.sk\/en\/sankt-johannes-2-etapa\/","title":{"rendered":"Sankt Johannes 2 etapa"},"content":{"rendered":"<p>[et_pb_section fb_built=&#8221;1&#8243; custom_padding_last_edited=&#8221;on|phone&#8221; _builder_version=&#8221;4.17.0&#8243; _module_preset=&#8221;default&#8221; background_image=&#8221;https:\/\/eurobauer.sk\/en\/wp-content\/uploads\/2022\/04\/header-E2-3.jpg&#8221; max_height_tablet=&#8221;&#8221; max_height_phone=&#8221;568px&#8221; max_height_last_edited=&#8221;on|phone&#8221; custom_padding=&#8221;276px||29px||false|false&#8221; custom_padding_tablet=&#8221;&#8221; custom_padding_phone=&#8221;142px||0px||false|false&#8221; global_colors_info=&#8221;{}&#8221;][et_pb_row _builder_version=&#8221;4.16.1&#8243; _module_preset=&#8221;default&#8221; width=&#8221;95%&#8221; max_width=&#8221;2177px&#8221; min_height=&#8221;205.2px&#8221; global_colors_info=&#8221;{}&#8221;][et_pb_column type=&#8221;4_4&#8243; _builder_version=&#8221;4.16&#8243; _module_preset=&#8221;default&#8221; global_colors_info=&#8221;{}&#8221;][et_pb_text _builder_version=&#8221;4.17.0&#8243; _module_preset=&#8221;default&#8221; header_font=&#8221;Georgia||||||||&#8221; header_text_color=&#8221;#FFFFFF&#8221; header_font_size=&#8221;57px&#8221; header_letter_spacing=&#8221;3px&#8221; header_line_height=&#8221;1.2em&#8221; width=&#8221;95%&#8221; header_font_size_tablet=&#8221;71px&#8221; header_font_size_phone=&#8221;44px&#8221; header_font_size_last_edited=&#8221;on|phone&#8221; global_colors_info=&#8221;{}&#8221;]<\/p>\n<h1>Sankt Johannes \u2013 Zruby <\/h1>\n<p>[\/et_pb_text][\/et_pb_column][\/et_pb_row][\/et_pb_section][et_pb_section fb_built=&#8221;1&#8243; _builder_version=&#8221;4.16&#8243; _module_preset=&#8221;default&#8221; background_enable_image=&#8221;off&#8221; parallax=&#8221;on&#8221; custom_padding=&#8221;46px||38px|||&#8221; global_colors_info=&#8221;{}&#8221;][et_pb_row column_structure=&#8221;1_4,3_4&#8243; _builder_version=&#8221;4.17.0&#8243; _module_preset=&#8221;default&#8221; width=&#8221;90%&#8221; max_width=&#8221;1600px&#8221; global_colors_info=&#8221;{}&#8221;][et_pb_column type=&#8221;1_4&#8243; _builder_version=&#8221;4.16&#8243; _module_preset=&#8221;default&#8221; global_colors_info=&#8221;{}&#8221;][et_pb_image src=&#8221;https:\/\/eurobauer.sk\/en\/wp-content\/uploads\/2021\/08\/logo-na-web.png&#8221; title_text=&#8221;logo-na-web&#8221; url=&#8221;https:\/\/www.sanktjohannes.sk\/&#8221; align=&#8221;center&#8221; _builder_version=&#8221;4.17.0&#8243; _module_preset=&#8221;default&#8221; global_colors_info=&#8221;{}&#8221;][\/et_pb_image][et_pb_blurb title=&#8221;www.sanktjohannes.sk&#8221; url=&#8221;https:\/\/www.sanktjohannes.sk\/&#8221; icon_placement=&#8221;left&#8221; _builder_version=&#8221;4.17.0&#8243; _module_preset=&#8221;default&#8221; header_font=&#8221;Poppins|700|||||||&#8221; header_text_align=&#8221;center&#8221; header_font_size=&#8221;16px&#8221; header_letter_spacing=&#8221;2px&#8221; header_line_height=&#8221;1.6em&#8221; link_option_url=&#8221;https:\/\/www.sanktjohannes.sk\/&#8221; global_colors_info=&#8221;{}&#8221;][\/et_pb_blurb][\/et_pb_column][et_pb_column type=&#8221;3_4&#8243; _builder_version=&#8221;4.16&#8243; _module_preset=&#8221;default&#8221; global_colors_info=&#8221;{}&#8221;][et_pb_text _builder_version=&#8221;4.17.0&#8243; _module_preset=&#8221;default&#8221; text_font=&#8221;Poppins|800||on|||||&#8221; text_text_color=&#8221;#000000&#8243; text_font_size=&#8221;30px&#8221; text_letter_spacing=&#8221;1px&#8221; text_line_height=&#8221;1em&#8221; custom_margin=&#8221;||-2px||false|false&#8221; custom_padding=&#8221;||0px||false|false&#8221; global_colors_info=&#8221;{}&#8221;]<\/p>\n<p style=\"text-align: left;\">Popis projektu:<\/p>\n<p><span><\/span><\/p>\n<p>[\/et_pb_text][et_pb_text _builder_version=&#8221;4.17.0&#8243; _module_preset=&#8221;default&#8221; global_colors_info=&#8221;{}&#8221;]<\/p>\n<p style=\"text-align: left;\">2 Etapu Sankt Johannes II tvor\u00ed 6 rekrea\u010dn\u00fdch zariaden\u00ed zrubov\u00e9ho \u0161t\u00fdlu v r\u00f4znych v\u00fdmer\u00e1ch s pou\u017eit\u00edm \u010disto pr\u00edrodn\u00fdch materi\u00e1lov mas\u00edvneho dreva. Pri realiz\u00e1cii projektu zachov\u00e1vame r\u00e1zovitos\u0165 \u00fazemia , spolu s po\u017eiadavkami na environment\u00e1lnu ochranu dan\u00e9ho \u00fazemia. V realiz\u00e1cii projektu spolupracujeme s organiz\u00e1ciou NAPANT a zachov\u00e1vame biotop vt\u00e1ctva a rastlinstva, ktor\u00fd bude doplnen\u00fd o prirodzen\u00e9 koridory jazier a v\u00fdsadbu tradi\u010dnej fauny. Projekt odr\u00e1\u017ea urbanistick\u00e9 po\u017eiadavky na dan\u00e9 \u00fazemie spolu s mo\u017enos\u0165ou jeho vyu\u017eitia plnohodnotn\u00fdm sp\u00f4sobom na oddychov\u00e9 \u00fa\u010dely v prostred\u00ed J\u00e1nskej doliny a kr\u00e1snym v\u00fdh\u013eadom na pohorie N\u00edzkych Tatier. Zruby s\u00fa navrhnut\u00e9 ve\u013ekorys\u00fdm sp\u00f4sobom s oh\u013eadom na dopyt po ve\u013ekometr\u00e1\u017enych rekrea\u010dn\u00fdch zariadeniach.<\/p>\n<p>[\/et_pb_text][\/et_pb_column][\/et_pb_row][\/et_pb_section][et_pb_section fb_built=&#8221;1&#8243; _builder_version=&#8221;4.17.0&#8243; _module_preset=&#8221;default&#8221; background_color=&#8221;#000000&#8243; global_colors_info=&#8221;{}&#8221;][et_pb_row column_structure=&#8221;3_5,2_5&#8243; _builder_version=&#8221;4.17.0&#8243; _module_preset=&#8221;default&#8221; width=&#8221;90%&#8221; max_width=&#8221;1600px&#8221; custom_padding=&#8221;17px|||||&#8221; global_colors_info=&#8221;{}&#8221;][et_pb_column type=&#8221;3_5&#8243; _builder_version=&#8221;4.17.0&#8243; _module_preset=&#8221;default&#8221; global_colors_info=&#8221;{}&#8221;][et_pb_image src=&#8221;https:\/\/eurobauer.sk\/en\/wp-content\/uploads\/2022\/04\/zastavovacia-studia.jpg&#8221; title_text=&#8221;zastavovacia-studia&#8221; show_in_lightbox=&#8221;on&#8221; _builder_version=&#8221;4.17.0&#8243; _module_preset=&#8221;default&#8221; animation_style=&#8221;flip&#8221; global_colors_info=&#8221;{}&#8221;][\/et_pb_image][\/et_pb_column][et_pb_column type=&#8221;2_5&#8243; _builder_version=&#8221;4.17.0&#8243; _module_preset=&#8221;default&#8221; global_colors_info=&#8221;{}&#8221;][et_pb_text _builder_version=&#8221;4.17.0&#8243; _module_preset=&#8221;default&#8221; text_text_color=&#8221;#FFFFFF&#8221; text_line_height=&#8221;1.8em&#8221; header_text_align=&#8221;justify&#8221; text_orientation=&#8221;justified&#8221; max_width=&#8221;100%&#8221; module_alignment=&#8221;left&#8221; custom_margin=&#8221;|-385px|4px|||&#8221; custom_padding=&#8221;|0px|0px|||&#8221; global_colors_info=&#8221;{}&#8221;]<\/p>\n<p><strong>Zastavovacia \u0161t\u00fadia<\/strong><\/p>\n<ul>\n<li>V\u00fdmera pozemkov:\u00a0 1838,5 m<sup>2<\/sup><\/li>\n<li><sup><\/sup>Predajn\u00e1 plocha zrubov: 751 m<sup>2<\/sup><\/li>\n<li><sup><\/sup>Parkovisko: spolo\u010dn\u00e9<\/li>\n<\/ul>\n<p>[\/et_pb_text][et_pb_text _builder_version=&#8221;4.17.0&#8243; _module_preset=&#8221;default&#8221; text_text_color=&#8221;#FFFFFF&#8221; text_line_height=&#8221;1.8em&#8221; header_text_align=&#8221;justify&#8221; text_orientation=&#8221;justified&#8221; max_width=&#8221;100%&#8221; module_alignment=&#8221;left&#8221; custom_margin=&#8221;|-385px|4px|||&#8221; custom_padding=&#8221;|0px|0px|||&#8221; global_colors_info=&#8221;{}&#8221;]<\/p>\n<p><strong>Rozmery:<\/strong><\/p>\n<ul>\n<li><strong>CHATA \u010d. 1:<\/strong><br \/><strong>pozemok:<\/strong> 259,8 m2\u00a0 |\u00a0<strong> chata:<\/strong> 90 m2<\/li>\n<li><strong>CHATA \u010d. 2:<\/strong><br \/><strong>pozemok:<\/strong> 241,56 m2\u00a0 |\u00a0 \u00a0<strong>chata:<\/strong> 90 m2<\/li>\n<li><strong>CHATA \u010d. 3:\u00a0<\/strong><br \/><strong>pozemok:<\/strong> 241,83 m2\u00a0 |\u00a0 \u00a0<strong>chata:<\/strong> 90 m2<\/li>\n<li><strong>CHATA \u010d. 4:<\/strong><br \/><strong>pozemok:<\/strong> 362,15 m2\u00a0 |\u00a0 \u00a0<strong>chata:<\/strong> 140 m2<\/li>\n<li><strong>CHATA \u010d. 5:\u00a0<\/strong><br \/><strong>pozemok:<\/strong> 478,30 m2\u00a0 |\u00a0 \u00a0<strong>chata:<\/strong> 253 m2<\/li>\n<li><strong>CHATA \u010d. 6:\u00a0<\/strong><br \/><strong>pozemok:<\/strong> 254,88 m2\u00a0 |\u00a0 <strong>\u00a0chata:<\/strong> 88 m2<\/li>\n<\/ul>\n<p>[\/et_pb_text][\/et_pb_column][\/et_pb_row][\/et_pb_section][et_pb_section fb_built=&#8221;1&#8243; _builder_version=&#8221;4.16&#8243; _module_preset=&#8221;default&#8221; background_image=&#8221;https:\/\/eurobauer.sk\/en\/wp-content\/uploads\/2021\/01\/slider-bck1.png&#8221; parallax=&#8221;on&#8221; custom_padding=&#8221;31px|||||&#8221; global_colors_info=&#8221;{}&#8221;][et_pb_row _builder_version=&#8221;4.16.1&#8243; _module_preset=&#8221;default&#8221; width=&#8221;98%&#8221; max_width=&#8221;2177px&#8221; custom_margin=&#8221;||39px||false|false&#8221; custom_padding=&#8221;||4px|||&#8221; global_colors_info=&#8221;{}&#8221;][et_pb_column type=&#8221;4_4&#8243; _builder_version=&#8221;4.16&#8243; _module_preset=&#8221;default&#8221; global_colors_info=&#8221;{}&#8221;][et_pb_text _builder_version=&#8221;4.17.0&#8243; _module_preset=&#8221;default&#8221; text_font=&#8221;Poppins|700||on|||||&#8221; text_text_color=&#8221;#000000&#8243; text_font_size=&#8221;50px&#8221; text_letter_spacing=&#8221;10px&#8221; min_height=&#8221;23.4px&#8221; custom_margin=&#8221;||||false|false&#8221; custom_padding=&#8221;||||false|false&#8221; text_font_size_tablet=&#8221;&#8221; text_font_size_phone=&#8221;42px&#8221; text_font_size_last_edited=&#8221;on|phone&#8221; text_letter_spacing_tablet=&#8221;&#8221; text_letter_spacing_phone=&#8221;5px&#8221; text_letter_spacing_last_edited=&#8221;on|phone&#8221; text_line_height_tablet=&#8221;&#8221; text_line_height_phone=&#8221;&#8221; text_line_height_last_edited=&#8221;on|phone&#8221; global_colors_info=&#8221;{}&#8221;]<\/p>\n<p style=\"text-align: center;\">Gal\u00e9ria<\/p>\n<p>[\/et_pb_text][et_pb_divider color=&#8221;#000000&#8243; divider_weight=&#8221;4px&#8221; _builder_version=&#8221;4.17.0&#8243; _module_preset=&#8221;default&#8221; width=&#8221;4%&#8221; width_tablet=&#8221;4%&#8221; width_phone=&#8221;60%&#8221; width_last_edited=&#8221;on|phone&#8221; module_alignment=&#8221;center&#8221; custom_margin=&#8221;0px||0px||false|false&#8221; custom_padding=&#8221;0px||0px||true|false&#8221; global_colors_info=&#8221;{}&#8221;][\/et_pb_divider][\/et_pb_column][\/et_pb_row][et_pb_row use_custom_gutter=&#8221;on&#8221; gutter_width=&#8221;2&#8243; _builder_version=&#8221;4.16.1&#8243; _module_preset=&#8221;default&#8221; width=&#8221;98%&#8221; max_width=&#8221;2177px&#8221; module_alignment=&#8221;center&#8221; custom_padding=&#8221;5px||33px|||&#8221; global_colors_info=&#8221;{}&#8221;][et_pb_column type=&#8221;4_4&#8243; _builder_version=&#8221;4.16&#8243; _module_preset=&#8221;default&#8221; global_colors_info=&#8221;{}&#8221;][et_pb_gallery gallery_ids=&#8221;1532,1533,1534,1535,1536,1537,1538,1539,1540,1541,1542,1543,1544,1545,1546,1548,1582&#8243; posts_number=&#8221;8&#8243; show_title_and_caption=&#8221;off&#8221; _builder_version=&#8221;4.17.0&#8243; _module_preset=&#8221;default&#8221; module_alignment=&#8221;left&#8221; custom_margin=&#8221;||-1px||false|false&#8221; global_colors_info=&#8221;{}&#8221; transform_styles__hover_enabled=&#8221;on|hover&#8221; transform_scale__hover_enabled=&#8221;on|hover&#8221; transform_translate__hover_enabled=&#8221;on|hover&#8221; transform_rotate__hover_enabled=&#8221;on|desktop&#8221; transform_skew__hover_enabled=&#8221;on|desktop&#8221; transform_origin__hover_enabled=&#8221;on|desktop&#8221;][\/et_pb_gallery][\/et_pb_column][\/et_pb_row][\/et_pb_section][et_pb_section fb_built=&#8221;1&#8243; _builder_version=&#8221;4.17.0&#8243; _module_preset=&#8221;default&#8221; background_image=&#8221;https:\/\/eurobauer.sk\/en\/wp-content\/uploads\/2022\/04\/header-E2-14.jpg&#8221; custom_margin=&#8221;-118px||||false|false&#8221; custom_padding=&#8221;293px||293px||true|false&#8221; global_colors_info=&#8221;{}&#8221;][\/et_pb_section]<\/p>\n","protected":false},"excerpt":{"rendered":"<p>Sankt Johannes \u2013 Zruby Popis projektu: 2 Etapu Sankt Johannes II tvor\u00ed 6 rekrea\u010dn\u00fdch zariaden\u00ed zrubov\u00e9ho \u0161t\u00fdlu v r\u00f4znych v\u00fdmer\u00e1ch s pou\u017eit\u00edm \u010disto pr\u00edrodn\u00fdch materi\u00e1lov mas\u00edvneho dreva. Pri realiz\u00e1cii projektu zachov\u00e1vame r\u00e1zovitos\u0165 \u00fazemia , spolu s po\u017eiadavkami na environment\u00e1lnu ochranu dan\u00e9ho \u00fazemia. V realiz\u00e1cii projektu spolupracujeme s organiz\u00e1ciou NAPANT a zachov\u00e1vame biotop vt\u00e1ctva a rastlinstva, [&hellip;]<\/p>\n","protected":false},"author":1,"featured_media":0,"parent":0,"menu_order":0,"comment_status":"closed","ping_status":"closed","template":"","meta":{"_et_pb_use_builder":"on","_et_pb_old_content":"<!-- wp:divi\/placeholder \/-->","_et_gb_content_width":"","footnotes":""},"_links":{"self":[{"href":"https:\/\/eurobauer.sk\/en\/wp-json\/wp\/v2\/pages\/1514"}],"collection":[{"href":"https:\/\/eurobauer.sk\/en\/wp-json\/wp\/v2\/pages"}],"about":[{"href":"https:\/\/eurobauer.sk\/en\/wp-json\/wp\/v2\/types\/page"}],"author":[{"embeddable":true,"href":"https:\/\/eurobauer.sk\/en\/wp-json\/wp\/v2\/users\/1"}],"replies":[{"embeddable":true,"href":"https:\/\/eurobauer.sk\/en\/wp-json\/wp\/v2\/comments?post=1514"}],"version-history":[{"count":16,"href":"https:\/\/eurobauer.sk\/en\/wp-json\/wp\/v2\/pages\/1514\/revisions"}],"predecessor-version":[{"id":1609,"href":"https:\/\/eurobauer.sk\/en\/wp-json\/wp\/v2\/pages\/1514\/revisions\/1609"}],"wp:attachment":[{"href":"https:\/\/eurobauer.sk\/en\/wp-json\/wp\/v2\/media?parent=1514"}],"curies":[{"name":"wp","href":"https:\/\/api.w.org\/{rel}","templated":true}]}}