{"id":1428,"date":"2022-04-08T09:39:08","date_gmt":"2022-04-08T09:39:08","guid":{"rendered":"https:\/\/eurobauer.sk\/en\/?page_id=1428"},"modified":"2022-04-12T12:23:05","modified_gmt":"2022-04-12T12:23:05","slug":"2rd-stranske-zilina","status":"publish","type":"page","link":"https:\/\/eurobauer.sk\/en\/2rd-stranske-zilina\/","title":{"rendered":"2rd Str\u00e1nske &#8211; \u017dilina"},"content":{"rendered":"<p>[et_pb_section fb_built=&#8221;1&#8243; custom_padding_last_edited=&#8221;on|phone&#8221; _builder_version=&#8221;4.17.0&#8243; _module_preset=&#8221;default&#8221; background_image=&#8221;https:\/\/eurobauer.sk\/en\/wp-content\/uploads\/2022\/04\/header-B.jpg&#8221; max_height_tablet=&#8221;&#8221; max_height_phone=&#8221;568px&#8221; max_height_last_edited=&#8221;on|phone&#8221; custom_padding=&#8221;276px||29px||false|false&#8221; custom_padding_tablet=&#8221;&#8221; custom_padding_phone=&#8221;142px||0px||false|false&#8221; global_colors_info=&#8221;{}&#8221;][et_pb_row _builder_version=&#8221;4.16.1&#8243; _module_preset=&#8221;default&#8221; width=&#8221;95%&#8221; max_width=&#8221;2177px&#8221; min_height=&#8221;205.2px&#8221; global_colors_info=&#8221;{}&#8221;][et_pb_column type=&#8221;4_4&#8243; _builder_version=&#8221;4.16&#8243; _module_preset=&#8221;default&#8221; global_colors_info=&#8221;{}&#8221;][et_pb_text _builder_version=&#8221;4.17.0&#8243; _module_preset=&#8221;default&#8221; header_font=&#8221;Georgia||||||||&#8221; header_text_color=&#8221;#FFFFFF&#8221; header_font_size=&#8221;57px&#8221; header_letter_spacing=&#8221;3px&#8221; header_line_height=&#8221;1.2em&#8221; width=&#8221;95%&#8221; header_font_size_tablet=&#8221;71px&#8221; header_font_size_phone=&#8221;44px&#8221; header_font_size_last_edited=&#8221;on|phone&#8221; global_colors_info=&#8221;{}&#8221;]<\/p>\n<h1>2 RD Str\u00e1nske \u2013 Kunerad <\/h1>\n<p>[\/et_pb_text][\/et_pb_column][\/et_pb_row][\/et_pb_section][et_pb_section fb_built=&#8221;1&#8243; _builder_version=&#8221;4.16&#8243; _module_preset=&#8221;default&#8221; background_enable_image=&#8221;off&#8221; parallax=&#8221;on&#8221; custom_padding=&#8221;||38px|||&#8221; global_colors_info=&#8221;{}&#8221;][et_pb_row _builder_version=&#8221;4.17.0&#8243; _module_preset=&#8221;default&#8221; width=&#8221;90%&#8221; max_width=&#8221;1600px&#8221; global_colors_info=&#8221;{}&#8221;][et_pb_column type=&#8221;4_4&#8243; _builder_version=&#8221;4.16&#8243; _module_preset=&#8221;default&#8221; global_colors_info=&#8221;{}&#8221;][et_pb_text _builder_version=&#8221;4.17.0&#8243; _module_preset=&#8221;default&#8221; text_font=&#8221;Poppins|800||on|||||&#8221; text_text_color=&#8221;#000000&#8243; text_font_size=&#8221;30px&#8221; text_letter_spacing=&#8221;1px&#8221; text_line_height=&#8221;1em&#8221; custom_margin=&#8221;||-2px||false|false&#8221; custom_padding=&#8221;||0px||false|false&#8221; global_colors_info=&#8221;{}&#8221;]<\/p>\n<p style=\"text-align: center;\">Popis projektu:<\/p>\n<p><span><\/span><\/p>\n<p>[\/et_pb_text][et_pb_text _builder_version=&#8221;4.17.0&#8243; _module_preset=&#8221;default&#8221; global_colors_info=&#8221;{}&#8221;]<\/p>\n<p style=\"text-align: center;\">Projekt 2RD Str\u00e1nske poskytuje pokojn\u00e9 b\u00fdvanie ne\u010faleko k\u00fape\u013en\u00e9ho mesta Rajeck\u00e9 Teplice, ktor\u00e9 je vzdialen\u00e9 len 2km od miesta realiz\u00e1cie projektu. Aj samotn\u00e1 obec je v\u0161ak vybaven\u00e1 plnohodnotnou ob\u010dianskou vybavenos\u0165ou , preto bl\u00edzkos\u0165 k\u00fape\u013eov, oddychu a relaxu je len dokonal\u00fdm doplnkom pre bud\u00facich klientov. Ve\u013ekolepos\u0165 okolit\u00fdch v\u00fdh\u013eadov sa sn\u00fabi so zauj\u00edmavou hist\u00f3riou obce. Projekt jednopodla\u017en\u00fdch bungalovov odr\u00e1\u017ea modern\u00fd dizajn novovybudovanej lokality na za\u010diatku obce Kunerad.<\/p>\n<p>[\/et_pb_text][\/et_pb_column][\/et_pb_row][et_pb_row column_structure=&#8221;1_2,1_2&#8243; _builder_version=&#8221;4.17.0&#8243; _module_preset=&#8221;default&#8221; width=&#8221;90%&#8221; max_width=&#8221;1600px&#8221; custom_padding=&#8221;17px|||||&#8221; global_colors_info=&#8221;{}&#8221;][et_pb_column type=&#8221;1_2&#8243; _builder_version=&#8221;4.17.0&#8243; _module_preset=&#8221;default&#8221; global_colors_info=&#8221;{}&#8221;][et_pb_text _builder_version=&#8221;4.17.0&#8243; _module_preset=&#8221;default&#8221; text_text_color=&#8221;#000000&#8243; text_line_height=&#8221;1.8em&#8221; header_text_align=&#8221;justify&#8221; text_orientation=&#8221;justified&#8221; max_width=&#8221;100%&#8221; module_alignment=&#8221;left&#8221; custom_margin=&#8221;|-385px|4px|||&#8221; custom_padding=&#8221;|0px|0px|||&#8221; global_colors_info=&#8221;{}&#8221;]<\/p>\n<p><strong>P\u00f4dorys 1<\/strong><\/p>\n<ul>\n<li><strong>Byt A:<\/strong> 65,1 m2\u00a0 |\u00a0 <strong>Byt B:<\/strong> 50,8 m2<\/li>\n<\/ul>\n<p>[\/et_pb_text][et_pb_image src=&#8221;https:\/\/eurobauer.sk\/en\/wp-content\/uploads\/2022\/04\/podorys-2rdstranske-1.jpg&#8221; title_text=&#8221;podorys-2rdstranske-1&#8243; show_in_lightbox=&#8221;on&#8221; _builder_version=&#8221;4.17.0&#8243; _module_preset=&#8221;default&#8221; animation_style=&#8221;flip&#8221; global_colors_info=&#8221;{}&#8221;][\/et_pb_image][\/et_pb_column][et_pb_column type=&#8221;1_2&#8243; _builder_version=&#8221;4.17.0&#8243; _module_preset=&#8221;default&#8221; global_colors_info=&#8221;{}&#8221;][et_pb_text _builder_version=&#8221;4.17.0&#8243; _module_preset=&#8221;default&#8221; text_text_color=&#8221;#000000&#8243; text_line_height=&#8221;1.8em&#8221; header_text_align=&#8221;justify&#8221; text_orientation=&#8221;justified&#8221; max_width=&#8221;100%&#8221; module_alignment=&#8221;left&#8221; custom_margin=&#8221;|-385px|4px|||&#8221; custom_padding=&#8221;|0px|0px|||&#8221; global_colors_info=&#8221;{}&#8221;]<\/p>\n<p><strong>P\u00f4dorys 2<\/strong><\/p>\n<ul>\n<li>V\u00fdmera: 88,9 m2<\/li>\n<\/ul>\n<p>[\/et_pb_text][et_pb_image src=&#8221;https:\/\/eurobauer.sk\/en\/wp-content\/uploads\/2022\/04\/podorys-2rdstranske-2.jpg&#8221; title_text=&#8221;podorys-2rdstranske-2&#8243; show_in_lightbox=&#8221;on&#8221; _builder_version=&#8221;4.17.0&#8243; _module_preset=&#8221;default&#8221; animation_style=&#8221;flip&#8221; global_colors_info=&#8221;{}&#8221;][\/et_pb_image][\/et_pb_column][\/et_pb_row][\/et_pb_section][et_pb_section fb_built=&#8221;1&#8243; _builder_version=&#8221;4.16&#8243; _module_preset=&#8221;default&#8221; background_image=&#8221;https:\/\/eurobauer.sk\/en\/wp-content\/uploads\/2021\/01\/slider-bck1.png&#8221; parallax=&#8221;on&#8221; custom_padding=&#8221;31px|||||&#8221; global_colors_info=&#8221;{}&#8221;][et_pb_row _builder_version=&#8221;4.16.1&#8243; _module_preset=&#8221;default&#8221; width=&#8221;98%&#8221; max_width=&#8221;2177px&#8221; custom_margin=&#8221;||39px||false|false&#8221; custom_padding=&#8221;||4px|||&#8221; global_colors_info=&#8221;{}&#8221;][et_pb_column type=&#8221;4_4&#8243; _builder_version=&#8221;4.16&#8243; _module_preset=&#8221;default&#8221; global_colors_info=&#8221;{}&#8221;][et_pb_text _builder_version=&#8221;4.17.0&#8243; _module_preset=&#8221;default&#8221; text_font=&#8221;Poppins|700||on|||||&#8221; text_text_color=&#8221;#000000&#8243; text_font_size=&#8221;50px&#8221; text_letter_spacing=&#8221;10px&#8221; min_height=&#8221;23.4px&#8221; custom_margin=&#8221;||||false|false&#8221; custom_padding=&#8221;||||false|false&#8221; text_font_size_tablet=&#8221;&#8221; text_font_size_phone=&#8221;42px&#8221; text_font_size_last_edited=&#8221;on|phone&#8221; text_letter_spacing_tablet=&#8221;&#8221; text_letter_spacing_phone=&#8221;5px&#8221; text_letter_spacing_last_edited=&#8221;on|phone&#8221; text_line_height_tablet=&#8221;&#8221; text_line_height_phone=&#8221;&#8221; text_line_height_last_edited=&#8221;on|phone&#8221; global_colors_info=&#8221;{}&#8221;]<\/p>\n<p style=\"text-align: center;\">Gal\u00e9ria<\/p>\n<p>[\/et_pb_text][et_pb_divider color=&#8221;#000000&#8243; divider_weight=&#8221;4px&#8221; _builder_version=&#8221;4.17.0&#8243; _module_preset=&#8221;default&#8221; width=&#8221;4%&#8221; width_tablet=&#8221;4%&#8221; width_phone=&#8221;60%&#8221; width_last_edited=&#8221;on|phone&#8221; module_alignment=&#8221;center&#8221; custom_margin=&#8221;0px||0px||false|false&#8221; custom_padding=&#8221;0px||0px||true|false&#8221; global_colors_info=&#8221;{}&#8221;][\/et_pb_divider][\/et_pb_column][\/et_pb_row][et_pb_row use_custom_gutter=&#8221;on&#8221; gutter_width=&#8221;2&#8243; _builder_version=&#8221;4.16.1&#8243; _module_preset=&#8221;default&#8221; width=&#8221;98%&#8221; max_width=&#8221;2177px&#8221; module_alignment=&#8221;center&#8221; custom_padding=&#8221;5px||33px|||&#8221; global_colors_info=&#8221;{}&#8221;][et_pb_column type=&#8221;4_4&#8243; _builder_version=&#8221;4.16&#8243; _module_preset=&#8221;default&#8221; global_colors_info=&#8221;{}&#8221;][et_pb_gallery gallery_ids=&#8221;1502,1503,1504,1505,1506,1507,1508,1509,1510&#8243; posts_number=&#8221;8&#8243; show_title_and_caption=&#8221;off&#8221; _builder_version=&#8221;4.17.0&#8243; _module_preset=&#8221;default&#8221; module_alignment=&#8221;left&#8221; custom_margin=&#8221;||-1px||false|false&#8221; global_colors_info=&#8221;{}&#8221; transform_styles__hover_enabled=&#8221;on|hover&#8221; transform_scale__hover_enabled=&#8221;on|hover&#8221; transform_translate__hover_enabled=&#8221;on|hover&#8221; transform_rotate__hover_enabled=&#8221;on|desktop&#8221; transform_skew__hover_enabled=&#8221;on|desktop&#8221; transform_origin__hover_enabled=&#8221;on|desktop&#8221;][\/et_pb_gallery][\/et_pb_column][\/et_pb_row][\/et_pb_section][et_pb_section fb_built=&#8221;1&#8243; _builder_version=&#8221;4.17.0&#8243; _module_preset=&#8221;default&#8221; background_image=&#8221;https:\/\/eurobauer.sk\/en\/wp-content\/uploads\/2022\/04\/header-I.jpg&#8221; custom_margin=&#8221;-118px||||false|false&#8221; custom_padding=&#8221;293px||293px||true|false&#8221; global_colors_info=&#8221;{}&#8221;][\/et_pb_section]<\/p>\n","protected":false},"excerpt":{"rendered":"<p>2 RD Str\u00e1nske \u2013 Kunerad Popis projektu: Projekt 2RD Str\u00e1nske poskytuje pokojn\u00e9 b\u00fdvanie ne\u010faleko k\u00fape\u013en\u00e9ho mesta Rajeck\u00e9 Teplice, ktor\u00e9 je vzdialen\u00e9 len 2km od miesta realiz\u00e1cie projektu. Aj samotn\u00e1 obec je v\u0161ak vybaven\u00e1 plnohodnotnou ob\u010dianskou vybavenos\u0165ou , preto bl\u00edzkos\u0165 k\u00fape\u013eov, oddychu a relaxu je len dokonal\u00fdm doplnkom pre bud\u00facich klientov. Ve\u013ekolepos\u0165 okolit\u00fdch v\u00fdh\u013eadov sa sn\u00fabi [&hellip;]<\/p>\n","protected":false},"author":1,"featured_media":0,"parent":0,"menu_order":0,"comment_status":"closed","ping_status":"closed","template":"","meta":{"_et_pb_use_builder":"on","_et_pb_old_content":"<!-- wp:divi\/placeholder \/-->","_et_gb_content_width":"","footnotes":""},"_links":{"self":[{"href":"https:\/\/eurobauer.sk\/en\/wp-json\/wp\/v2\/pages\/1428"}],"collection":[{"href":"https:\/\/eurobauer.sk\/en\/wp-json\/wp\/v2\/pages"}],"about":[{"href":"https:\/\/eurobauer.sk\/en\/wp-json\/wp\/v2\/types\/page"}],"author":[{"embeddable":true,"href":"https:\/\/eurobauer.sk\/en\/wp-json\/wp\/v2\/users\/1"}],"replies":[{"embeddable":true,"href":"https:\/\/eurobauer.sk\/en\/wp-json\/wp\/v2\/comments?post=1428"}],"version-history":[{"count":12,"href":"https:\/\/eurobauer.sk\/en\/wp-json\/wp\/v2\/pages\/1428\/revisions"}],"predecessor-version":[{"id":1608,"href":"https:\/\/eurobauer.sk\/en\/wp-json\/wp\/v2\/pages\/1428\/revisions\/1608"}],"wp:attachment":[{"href":"https:\/\/eurobauer.sk\/en\/wp-json\/wp\/v2\/media?parent=1428"}],"curies":[{"name":"wp","href":"https:\/\/api.w.org\/{rel}","templated":true}]}}