{"id":1216,"date":"2021-12-21T07:45:53","date_gmt":"2021-12-21T07:45:53","guid":{"rendered":"https:\/\/eurobauer.sk\/en\/?page_id=1216"},"modified":"2023-10-03T14:04:25","modified_gmt":"2023-10-03T14:04:25","slug":"sibet","status":"publish","type":"page","link":"https:\/\/eurobauer.sk\/en\/sibet\/","title":{"rendered":"Sibet"},"content":{"rendered":"<p>[et_pb_section fb_built=&#8221;1&#8243; custom_padding_last_edited=&#8221;on|phone&#8221; _builder_version=&#8221;4.22.2&#8243; _module_preset=&#8221;default&#8221; background_image=&#8221;https:\/\/eurobauer.sk\/en\/wp-content\/uploads\/2023\/10\/sibet-3.jpg&#8221; max_height_tablet=&#8221;&#8221; max_height_phone=&#8221;568px&#8221; max_height_last_edited=&#8221;on|phone&#8221; custom_padding=&#8221;276px||29px||false|false&#8221; custom_padding_tablet=&#8221;&#8221; custom_padding_phone=&#8221;142px||0px||false|false&#8221; hover_enabled=&#8221;0&#8243; global_colors_info=&#8221;{}&#8221; title_text=&#8221;sibet-3&#8243; sticky_enabled=&#8221;0&#8243;][et_pb_row _builder_version=&#8221;4.16.1&#8243; _module_preset=&#8221;default&#8221; width=&#8221;95%&#8221; max_width=&#8221;2177px&#8221; min_height=&#8221;205.2px&#8221; global_colors_info=&#8221;{}&#8221;][et_pb_column type=&#8221;4_4&#8243; _builder_version=&#8221;4.16&#8243; _module_preset=&#8221;default&#8221; global_colors_info=&#8221;{}&#8221;][et_pb_text _builder_version=&#8221;4.17.0&#8243; _module_preset=&#8221;default&#8221; header_font=&#8221;Georgia||||||||&#8221; header_text_color=&#8221;#FFFFFF&#8221; header_font_size=&#8221;57px&#8221; header_letter_spacing=&#8221;3px&#8221; header_line_height=&#8221;1.2em&#8221; width=&#8221;95%&#8221; custom_margin=&#8221;||6px||false|false&#8221; header_font_size_tablet=&#8221;71px&#8221; header_font_size_phone=&#8221;44px&#8221; header_font_size_last_edited=&#8221;on|phone&#8221; global_colors_info=&#8221;{}&#8221;]<\/p>\n<h1>Objekt SiBET<\/h1>\n<p>[\/et_pb_text][et_pb_text _builder_version=&#8221;4.17.0&#8243; _module_preset=&#8221;default&#8221; text_font=&#8221;|700|||||||&#8221; text_text_color=&#8221;#FFFFFF&#8221; text_font_size=&#8221;16px&#8221; text_letter_spacing=&#8221;1px&#8221; width=&#8221;30%&#8221; width_tablet=&#8221;50%&#8221; width_phone=&#8221;100%&#8221; width_last_edited=&#8221;on|tablet&#8221; max_width=&#8221;30%&#8221; max_width_tablet=&#8221;50%&#8221; max_width_phone=&#8221;100%&#8221; max_width_last_edited=&#8221;on|phone&#8221; text_text_shadow_style=&#8221;preset3&#8243; text_text_shadow_color=&#8221;rgba(0,0,0,0.52)&#8221; global_colors_info=&#8221;{}&#8221;]V\u00fdrobn\u00e9 a kancel\u00e1rske priestory s du\u0161ou pokro\u010dil\u00e9ho modern\u00e9ho dizajnu[\/et_pb_text][\/et_pb_column][\/et_pb_row][\/et_pb_section][et_pb_section fb_built=&#8221;1&#8243; _builder_version=&#8221;4.16&#8243; _module_preset=&#8221;default&#8221; background_enable_image=&#8221;off&#8221; parallax=&#8221;on&#8221; custom_padding=&#8221;||38px|||&#8221; global_colors_info=&#8221;{}&#8221;][et_pb_row _builder_version=&#8221;4.16.1&#8243; _module_preset=&#8221;default&#8221; width=&#8221;90%&#8221; max_width=&#8221;1600px&#8221; global_colors_info=&#8221;{}&#8221;][et_pb_column type=&#8221;4_4&#8243; _builder_version=&#8221;4.16&#8243; _module_preset=&#8221;default&#8221; global_colors_info=&#8221;{}&#8221;][et_pb_text _builder_version=&#8221;4.16&#8243; _module_preset=&#8221;default&#8221; text_font=&#8221;Sarabun|800||on|||||&#8221; text_text_color=&#8221;#000000&#8243; text_font_size=&#8221;30px&#8221; text_letter_spacing=&#8221;1px&#8221; text_line_height=&#8221;1em&#8221; custom_padding=&#8221;||0px|||&#8221; global_colors_info=&#8221;{}&#8221;]<\/p>\n<p>Popis projektu:<\/p>\n<p><span><\/span><\/p>\n<p>[\/et_pb_text][\/et_pb_column][\/et_pb_row][et_pb_row column_structure=&#8221;2_5,3_5&#8243; _builder_version=&#8221;4.16.1&#8243; _module_preset=&#8221;default&#8221; width=&#8221;90%&#8221; max_width=&#8221;1600px&#8221; min_height=&#8221;219px&#8221; custom_margin=&#8221;-35px|auto||auto||&#8221; custom_padding=&#8221;0px|||||&#8221; global_colors_info=&#8221;{}&#8221;][et_pb_column type=&#8221;2_5&#8243; _builder_version=&#8221;4.16&#8243; _module_preset=&#8221;default&#8221; global_colors_info=&#8221;{}&#8221;][et_pb_text _builder_version=&#8221;4.16&#8243; _module_preset=&#8221;default&#8221; text_text_color=&#8221;#000000&#8243; text_font_size=&#8221;15px&#8221; text_letter_spacing=&#8221;2px&#8221; text_line_height=&#8221;1.8em&#8221; header_text_align=&#8221;justify&#8221; text_orientation=&#8221;justified&#8221; max_width=&#8221;100%&#8221; module_alignment=&#8221;left&#8221; custom_margin=&#8221;|-385px|27px|||&#8221; custom_padding=&#8221;|0px|0px|||&#8221; global_colors_info=&#8221;{}&#8221;]<\/p>\n<p><a href=\"http:\/\/www.sibet.sk\">www.sibet.sk<\/a><\/p>\n<p>[\/et_pb_text][et_pb_text _builder_version=&#8221;4.16&#8243; _module_preset=&#8221;default&#8221; text_text_color=&#8221;#000000&#8243; text_line_height=&#8221;1.8em&#8221; header_text_align=&#8221;justify&#8221; text_orientation=&#8221;justified&#8221; max_width=&#8221;100%&#8221; module_alignment=&#8221;left&#8221; custom_margin=&#8221;|-385px|4px|||&#8221; custom_padding=&#8221;|0px|0px|||&#8221; global_colors_info=&#8221;{}&#8221;]<\/p>\n<ul>\n<li>1 podla\u017eie- predaj\u0148a , v\u00fdroba<\/li>\n<li>2 podla\u017eie- administrat\u00edva- kancel\u00e1rie<\/li>\n<li>1 podla\u017eie- 204m2<\/li>\n<li>2 podla\u017eie- 212 m2<\/li>\n<li>Terasa \u2013 58m2<\/li>\n<li>V\u00fdmera parcely: 1164 m2<\/li>\n<\/ul>\n<p>[\/et_pb_text][et_pb_image src=&#8221;https:\/\/eurobauer.sk\/en\/wp-content\/uploads\/2021\/12\/logo-sibet.jpg&#8221; title_text=&#8221;logo-sibet&#8221; _builder_version=&#8221;4.16&#8243; _module_preset=&#8221;default&#8221; width=&#8221;58%&#8221; width_tablet=&#8221;58%&#8221; width_phone=&#8221;79%&#8221; width_last_edited=&#8221;on|phone&#8221; global_colors_info=&#8221;{}&#8221;][\/et_pb_image][\/et_pb_column][et_pb_column type=&#8221;3_5&#8243; _builder_version=&#8221;4.16&#8243; _module_preset=&#8221;default&#8221; global_colors_info=&#8221;{}&#8221;][et_pb_image src=&#8221;https:\/\/eurobauer.sk\/en\/wp-content\/uploads\/2021\/12\/Strecno-5-A.jpg&#8221; title_text=&#8221;Strecno-5-A&#8221; _builder_version=&#8221;4.16&#8243; _module_preset=&#8221;default&#8221; animation_style=&#8221;flip&#8221; global_colors_info=&#8221;{}&#8221;][\/et_pb_image][\/et_pb_column][\/et_pb_row][et_pb_row _builder_version=&#8221;4.16.1&#8243; _module_preset=&#8221;default&#8221; width=&#8221;90%&#8221; max_width=&#8221;1600px&#8221; global_colors_info=&#8221;{}&#8221;][et_pb_column type=&#8221;4_4&#8243; _builder_version=&#8221;4.16&#8243; _module_preset=&#8221;default&#8221; global_colors_info=&#8221;{}&#8221;][et_pb_text _builder_version=&#8221;4.16&#8243; _module_preset=&#8221;default&#8221; text_text_color=&#8221;#000000&#8243; text_line_height=&#8221;1.8em&#8221; header_text_align=&#8221;justify&#8221; text_orientation=&#8221;justified&#8221; max_width=&#8221;100%&#8221; module_alignment=&#8221;left&#8221; custom_margin=&#8221;|-385px|4px|||&#8221; custom_padding=&#8221;|0px|0px|||&#8221; global_colors_info=&#8221;{}&#8221;]Logistick\u00fd objekt pozost\u00e1vaj\u00faci z v\u00fdrobn\u00fdch a kancel\u00e1rskych priestorov sa nach\u00e1dza na dopravnom uzle \u017dilina \u2013 Juh vo v\u00fdhodnej polohe vzh\u013eadom k dopravn\u00e9mu uzlu napojenia na v\u0161etky d\u00f4le\u017eit\u00e9 dopravn\u00e9 tepny. Jeho strategick\u00e9 miesto bolo zvolen\u00e9 s oh\u013eadom na dobr\u00fa dostupnos\u0165 , vidite\u013enos\u0165 a hustotu prem\u00e1vky a potvrdzuje tak goodwill spolo\u010dnosti pri v\u00fdbere lokal\u00edt. Budova je navrhnut\u00e1 \u00fa\u010delovo tak, aby eliminovala ekologick\u00fd dopad v\u00fdroby a z\u00e1rove\u0148 plochu v\u00fdrobn\u00fdch a kancel\u00e1rskych priestorov na najni\u017e\u0161iu potrebn\u00fa mieru.  Objekt sp\u013a\u0148a vysok\u00e9 \u0161tandardy n\u00edzkoenergetickej stavby a z\u00e1rove\u0148 svojimi proporciami dovo\u013euje vyu\u017e\u00edvanie zelen\u00fdch energi\u00ed na svoju spotrebu. V okol\u00ed objektu je pl\u00e1novan\u00e1 v\u00fdsadba listnat\u00fdch stromov a okrasn\u00fdch drev\u00edn a rastl\u00edn. [\/et_pb_text][\/et_pb_column][\/et_pb_row][\/et_pb_section][et_pb_section fb_built=&#8221;1&#8243; _builder_version=&#8221;4.16&#8243; _module_preset=&#8221;default&#8221; background_image=&#8221;https:\/\/eurobauer.sk\/en\/wp-content\/uploads\/2021\/01\/slider-bck1.png&#8221; parallax=&#8221;on&#8221; custom_padding=&#8221;31px|||||&#8221; global_colors_info=&#8221;{}&#8221;][et_pb_row use_custom_gutter=&#8221;on&#8221; gutter_width=&#8221;2&#8243; _builder_version=&#8221;4.16.1&#8243; _module_preset=&#8221;default&#8221; width=&#8221;98%&#8221; max_width=&#8221;2177px&#8221; module_alignment=&#8221;center&#8221; custom_padding=&#8221;5px|||||&#8221; global_colors_info=&#8221;{}&#8221;][et_pb_column type=&#8221;4_4&#8243; _builder_version=&#8221;4.16&#8243; _module_preset=&#8221;default&#8221; global_colors_info=&#8221;{}&#8221;][et_pb_text _builder_version=&#8221;4.16&#8243; _module_preset=&#8221;default&#8221; text_font=&#8221;Sarabun|800||on|||||&#8221; text_text_color=&#8221;#000000&#8243; text_font_size=&#8221;30px&#8221; text_letter_spacing=&#8221;1px&#8221; text_line_height=&#8221;1em&#8221; custom_margin=&#8221;15px|||||&#8221; custom_padding=&#8221;||0px|||&#8221; global_colors_info=&#8221;{}&#8221;]<\/p>\n<p><span>Gal\u00e9ria:<\/span><\/p>\n<p><span><\/span><\/p>\n<p>[\/et_pb_text][et_pb_gallery gallery_ids=&#8221;1222,1223,1224,1225,1226,1227&#8243; posts_number=&#8221;8&#8243; show_title_and_caption=&#8221;off&#8221; _builder_version=&#8221;4.16&#8243; _module_preset=&#8221;default&#8221; module_alignment=&#8221;left&#8221; global_colors_info=&#8221;{}&#8221; transform_styles__hover_enabled=&#8221;on|hover&#8221; transform_scale__hover_enabled=&#8221;on|hover&#8221; transform_translate__hover_enabled=&#8221;on|hover&#8221; transform_rotate__hover_enabled=&#8221;on|desktop&#8221; transform_skew__hover_enabled=&#8221;on|desktop&#8221; transform_origin__hover_enabled=&#8221;on|desktop&#8221;][\/et_pb_gallery][\/et_pb_column][\/et_pb_row][\/et_pb_section][et_pb_section fb_built=&#8221;1&#8243; _builder_version=&#8221;4.16&#8243; _module_preset=&#8221;default&#8221; background_image=&#8221;https:\/\/eurobauer.sk\/en\/wp-content\/uploads\/2021\/12\/Strecno-4-1300.jpg&#8221; custom_padding=&#8221;293px||293px||true|false&#8221; global_colors_info=&#8221;{}&#8221;][\/et_pb_section]<\/p>\n","protected":false},"excerpt":{"rendered":"<p>Objekt SiBETV\u00fdrobn\u00e9 a kancel\u00e1rske priestory s du\u0161ou pokro\u010dil\u00e9ho modern\u00e9ho dizajnuPopis projektu: www.sibet.sk 1 podla\u017eie- predaj\u0148a , v\u00fdroba 2 podla\u017eie- administrat\u00edva- kancel\u00e1rie 1 podla\u017eie- 204m2 2 podla\u017eie- 212 m2 Terasa \u2013 58m2 V\u00fdmera parcely: 1164 m2 Logistick\u00fd objekt pozost\u00e1vaj\u00faci z v\u00fdrobn\u00fdch a kancel\u00e1rskych priestorov sa nach\u00e1dza na dopravnom uzle \u017dilina \u2013 Juh vo v\u00fdhodnej polohe vzh\u013eadom [&hellip;]<\/p>\n","protected":false},"author":1,"featured_media":0,"parent":0,"menu_order":0,"comment_status":"closed","ping_status":"closed","template":"","meta":{"_et_pb_use_builder":"on","_et_pb_old_content":"","_et_gb_content_width":"","footnotes":""},"_links":{"self":[{"href":"https:\/\/eurobauer.sk\/en\/wp-json\/wp\/v2\/pages\/1216"}],"collection":[{"href":"https:\/\/eurobauer.sk\/en\/wp-json\/wp\/v2\/pages"}],"about":[{"href":"https:\/\/eurobauer.sk\/en\/wp-json\/wp\/v2\/types\/page"}],"author":[{"embeddable":true,"href":"https:\/\/eurobauer.sk\/en\/wp-json\/wp\/v2\/users\/1"}],"replies":[{"embeddable":true,"href":"https:\/\/eurobauer.sk\/en\/wp-json\/wp\/v2\/comments?post=1216"}],"version-history":[{"count":15,"href":"https:\/\/eurobauer.sk\/en\/wp-json\/wp\/v2\/pages\/1216\/revisions"}],"predecessor-version":[{"id":1806,"href":"https:\/\/eurobauer.sk\/en\/wp-json\/wp\/v2\/pages\/1216\/revisions\/1806"}],"wp:attachment":[{"href":"https:\/\/eurobauer.sk\/en\/wp-json\/wp\/v2\/media?parent=1216"}],"curies":[{"name":"wp","href":"https:\/\/api.w.org\/{rel}","templated":true}]}}