{"id":1110,"date":"2021-08-04T07:57:44","date_gmt":"2021-08-04T07:57:44","guid":{"rendered":"https:\/\/eurobauer.sk\/en\/?page_id=1110"},"modified":"2022-09-08T09:10:33","modified_gmt":"2022-09-08T09:10:33","slug":"chalets-sankt-johannes","status":"publish","type":"page","link":"https:\/\/eurobauer.sk\/en\/chalets-sankt-johannes\/","title":{"rendered":"Chalet\u00b4s  Sankt Johannes"},"content":{"rendered":"<p>[et_pb_section fb_built=&#8221;1&#8243; custom_padding_last_edited=&#8221;on|phone&#8221; _builder_version=&#8221;4.16&#8243; _module_preset=&#8221;default&#8221; use_background_color_gradient=&#8221;on&#8221; background_color_gradient_stops=&#8221;rgba(0,0,0,0) 89%|rgba(0,0,0,0.82) 100%&#8221; background_color_gradient_overlays_image=&#8221;on&#8221; background_color_gradient_start=&#8221;rgba(0,0,0,0)&#8221; background_color_gradient_start_position=&#8221;89%&#8221; background_color_gradient_end=&#8221;rgba(0,0,0,0.82)&#8221; background_image=&#8221;https:\/\/eurobauer.sk\/en\/wp-content\/uploads\/2021\/08\/sldr-hore.jpg&#8221; max_height_tablet=&#8221;&#8221; max_height_phone=&#8221;568px&#8221; max_height_last_edited=&#8221;on|phone&#8221; custom_padding=&#8221;143px||173px||false|false&#8221; custom_padding_tablet=&#8221;&#8221; custom_padding_phone=&#8221;95px||95px||true|false&#8221; global_colors_info=&#8221;{}&#8221;][et_pb_row _builder_version=&#8221;4.16&#8243; _module_preset=&#8221;default&#8221; global_colors_info=&#8221;{}&#8221;][et_pb_column type=&#8221;4_4&#8243; _builder_version=&#8221;4.16&#8243; _module_preset=&#8221;default&#8221; global_colors_info=&#8221;{}&#8221;][et_pb_text _builder_version=&#8221;4.16&#8243; _module_preset=&#8221;default&#8221; text_font=&#8221;Sarabun|800||on|||||&#8221; text_text_color=&#8221;#000000&#8243; text_font_size=&#8221;50px&#8221; header_font=&#8221;Caveat|700|||||||&#8221; header_text_align=&#8221;center&#8221; header_text_color=&#8221;#FFFFFF&#8221; header_font_size=&#8221;49px&#8221; header_letter_spacing=&#8221;4px&#8221; custom_padding=&#8221;||||false|false&#8221; header_font_size_tablet=&#8221;&#8221; header_font_size_phone=&#8221;37px&#8221; header_font_size_last_edited=&#8221;on|phone&#8221; global_colors_info=&#8221;{}&#8221;]<\/p>\n<h1>Chalet\u00b4s Sankt Johannes<\/h1>\n<p>[\/et_pb_text][et_pb_text _builder_version=&#8221;4.16&#8243; _module_preset=&#8221;default&#8221; text_font=&#8221;Raleway|||on|||||&#8221; text_text_color=&#8221;#FFFFFF&#8221; text_font_size=&#8221;21px&#8221; text_letter_spacing=&#8221;6px&#8221; text_orientation=&#8221;center&#8221; global_colors_info=&#8221;{}&#8221;]Raj v lone pr\u00edrody [\/et_pb_text][\/et_pb_column][\/et_pb_row][\/et_pb_section][et_pb_section fb_built=&#8221;1&#8243; _builder_version=&#8221;4.16&#8243; _module_preset=&#8221;default&#8221; background_color=&#8221;#000000&#8243; custom_padding=&#8221;29px|||||&#8221; global_colors_info=&#8221;{}&#8221;][et_pb_row _builder_version=&#8221;4.16&#8243; _module_preset=&#8221;default&#8221; global_colors_info=&#8221;{}&#8221;][et_pb_column type=&#8221;4_4&#8243; _builder_version=&#8221;4.16&#8243; _module_preset=&#8221;default&#8221; global_colors_info=&#8221;{}&#8221;][et_pb_image src=&#8221;https:\/\/eurobauer.sk\/en\/wp-content\/uploads\/2021\/08\/logo-na-web.png&#8221; title_text=&#8221;logo-na-web&#8221; align=&#8221;center&#8221; _builder_version=&#8221;4.16&#8243; _module_preset=&#8221;default&#8221; max_width_tablet=&#8221;&#8221; max_width_phone=&#8221;59%&#8221; max_width_last_edited=&#8221;on|phone&#8221; custom_margin=&#8221;||47px|||&#8221; global_colors_info=&#8221;{}&#8221;][\/et_pb_image][et_pb_text _builder_version=&#8221;4.16&#8243; _module_preset=&#8221;default&#8221; text_font=&#8221;Raleway||||||||&#8221; text_text_color=&#8221;#FFFFFF&#8221; text_letter_spacing=&#8221;2px&#8221; text_orientation=&#8221;center&#8221; global_colors_info=&#8221;{}&#8221;]<\/p>\n<p>Projekt Sankt Johannes je zhmotnen\u00edm pr\u00edrodn\u00fdch prvkov do luxusn\u00e9ho reziden\u010dn\u00e9ho celku, ktor\u00fd je umiestnen\u00fd v objat\u00ed n\u00e1dhernej pr\u00edrody uprostred historickej a r\u00e1zovitej obce Liptovsk\u00fd J\u00e1n.<\/p>\n<p>[\/et_pb_text][et_pb_button button_url=&#8221;https:\/\/www.sanktjohannes.sk\/&#8221; button_text=&#8221;www.sanktjohannes.sk&#8221; button_alignment=&#8221;center&#8221; _builder_version=&#8221;4.16&#8243; _module_preset=&#8221;default&#8221; custom_button=&#8221;on&#8221; button_text_size=&#8221;14px&#8221; button_text_color=&#8221;#FFFFFF&#8221; button_border_width=&#8221;1px&#8221; button_border_radius=&#8221;0px&#8221; button_letter_spacing=&#8221;2px&#8221; button_font=&#8221;Raleway||||||||&#8221; global_colors_info=&#8221;{}&#8221;][\/et_pb_button][\/et_pb_column][\/et_pb_row][\/et_pb_section][et_pb_section fb_built=&#8221;1&#8243; _builder_version=&#8221;4.16&#8243; _module_preset=&#8221;default&#8221; background_color=&#8221;#000000&#8243; use_background_color_gradient=&#8221;on&#8221; background_color_gradient_stops=&#8221;rgba(0,0,0,0.76) 0%|rgba(0,0,0,0.7) 100%&#8221; background_color_gradient_overlays_image=&#8221;on&#8221; background_color_gradient_start=&#8221;rgba(0,0,0,0.76)&#8221; background_color_gradient_end=&#8221;rgba(0,0,0,0.7)&#8221; background_image=&#8221;https:\/\/eurobauer.sk\/en\/wp-content\/uploads\/2021\/08\/VIZ-2-do-projekty.jpg&#8221; global_colors_info=&#8221;{}&#8221;][et_pb_row column_structure=&#8221;1_3,1_3,1_3&#8243; _builder_version=&#8221;4.17.0&#8243; _module_preset=&#8221;default&#8221; global_colors_info=&#8221;{}&#8221;][et_pb_column type=&#8221;1_3&#8243; _builder_version=&#8221;4.16&#8243; _module_preset=&#8221;default&#8221; global_colors_info=&#8221;{}&#8221;][et_pb_image src=&#8221;https:\/\/eurobauer.sk\/en\/wp-content\/uploads\/2021\/08\/situacia.jpg&#8221; title_text=&#8221;situacia&#8221; show_in_lightbox=&#8221;on&#8221; _builder_version=&#8221;4.16&#8243; _module_preset=&#8221;default&#8221; global_colors_info=&#8221;{}&#8221;][\/et_pb_image][et_pb_button button_url=&#8221;https:\/\/eurobauer.sk\/en\/wp-content\/uploads\/2021\/08\/Situacia-1.pdf&#8221; url_new_window=&#8221;on&#8221; button_text=&#8221;stiahn\u00fa\u0165 PDF&#8221; button_alignment=&#8221;center&#8221; _builder_version=&#8221;4.16&#8243; _module_preset=&#8221;default&#8221; custom_button=&#8221;on&#8221; button_text_size=&#8221;14px&#8221; button_text_color=&#8221;#FFFFFF&#8221; button_border_width=&#8221;1px&#8221; button_border_radius=&#8221;0px&#8221; button_letter_spacing=&#8221;3px&#8221; button_font=&#8221;Raleway||||||||&#8221; button_icon=&#8221;&#x37;||divi||400&#8243; button_icon_placement=&#8221;left&#8221; global_colors_info=&#8221;{}&#8221;][\/et_pb_button][\/et_pb_column][et_pb_column type=&#8221;1_3&#8243; _builder_version=&#8221;4.16&#8243; _module_preset=&#8221;default&#8221; global_colors_info=&#8221;{}&#8221;][et_pb_image src=&#8221;https:\/\/eurobauer.sk\/en\/wp-content\/uploads\/2022\/09\/wert.jpg&#8221; title_text=&#8221;wert&#8221; show_in_lightbox=&#8221;on&#8221; _builder_version=&#8221;4.18.0&#8243; _module_preset=&#8221;default&#8221; hover_enabled=&#8221;0&#8243; global_colors_info=&#8221;{}&#8221; sticky_enabled=&#8221;0&#8243;][\/et_pb_image][et_pb_button button_url=&#8221;https:\/\/eurobauer.sk\/en\/wp-content\/uploads\/2022\/04\/Situacia-Liptovsky-Jan-G-H.pdf&#8221; url_new_window=&#8221;on&#8221; button_text=&#8221;stiahn\u00fa\u0165 PDF&#8221; button_alignment=&#8221;center&#8221; _builder_version=&#8221;4.17.0&#8243; _module_preset=&#8221;default&#8221; custom_button=&#8221;on&#8221; button_text_size=&#8221;14px&#8221; button_text_color=&#8221;#FFFFFF&#8221; button_border_width=&#8221;1px&#8221; button_border_radius=&#8221;0px&#8221; button_letter_spacing=&#8221;3px&#8221; button_font=&#8221;Raleway||||||||&#8221; button_icon=&#8221;&#x37;||divi||400&#8243; button_icon_placement=&#8221;left&#8221; global_colors_info=&#8221;{}&#8221;][\/et_pb_button][\/et_pb_column][et_pb_column type=&#8221;1_3&#8243; _builder_version=&#8221;4.16&#8243; _module_preset=&#8221;default&#8221; global_colors_info=&#8221;{}&#8221;][et_pb_text _builder_version=&#8221;4.17.0&#8243; _module_preset=&#8221;default&#8221; text_font=&#8221;Raleway||||||||&#8221; text_text_color=&#8221;#FFFFFF&#8221; text_letter_spacing=&#8221;2px&#8221; text_orientation=&#8221;center&#8221; global_colors_info=&#8221;{}&#8221;]<\/p>\n<ul>\n<li style=\"text-align: left;\"><strong>Lokalita:<\/strong> Liptovsk\u00fd J\u00e1n \u2013 J\u00e1nska dolina<\/li>\n<li style=\"text-align: left;\"><strong>Projekt:<\/strong> S\u00fakromn\u00fd rezort<\/li>\n<li style=\"text-align: left;\"><strong>Po\u010det Chaletov :<\/strong> 8<\/li>\n<li style=\"text-align: left;\"><strong>Predajn\u00e1 plocha chaletov:<\/strong> 812,82 m2<\/li>\n<\/ul>\n<p>[\/et_pb_text][et_pb_text _builder_version=&#8221;4.17.0&#8243; _module_preset=&#8221;default&#8221; text_font=&#8221;Raleway||||||||&#8221; text_text_color=&#8221;#FFFFFF&#8221; text_letter_spacing=&#8221;2px&#8221; text_orientation=&#8221;center&#8221; global_colors_info=&#8221;{}&#8221;]<\/p>\n<p style=\"text-align: left;\">Projekt Sankt Johannes pon\u00faka 8 obytn\u00fdch jednotiek, ktor\u00e9 s\u00fa odl\u00ed\u0161en\u00e9 plo\u0161ne aj dispozi\u010dne. Pon\u00fakaj\u00fa vyu\u017eitie vo forme b\u00fdvania a rekre\u00e1cie. Dvojpodla\u017en\u00e1 jednotka poskytuje komfort oddelen\u00fdch \u010dast\u00ed \u2013 denn\u00e1 \u010das\u0165 a no\u010dn\u00e1 \u010das\u0165 ako aj wellness priestor \u2013 sauna, terasa pre v\u00edrivku. Samozrejmos\u0165ou je miesto pre uskladnenie sez\u00f3nnej \u0161portovej v\u00fdbavy.<\/p>\n<p>[\/et_pb_text][\/et_pb_column][\/et_pb_row][\/et_pb_section][et_pb_section fb_built=&#8221;1&#8243; _builder_version=&#8221;4.16&#8243; _module_preset=&#8221;default&#8221; background_color=&#8221;#000000&#8243; custom_padding=&#8221;||19px|||&#8221; global_colors_info=&#8221;{}&#8221;][et_pb_row _builder_version=&#8221;4.16&#8243; _module_preset=&#8221;default&#8221; width=&#8221;90%&#8221; max_width=&#8221;1299px&#8221; global_colors_info=&#8221;{}&#8221;][et_pb_column type=&#8221;4_4&#8243; _builder_version=&#8221;4.16&#8243; _module_preset=&#8221;default&#8221; global_colors_info=&#8221;{}&#8221;][et_pb_text _builder_version=&#8221;4.16&#8243; _module_preset=&#8221;default&#8221; text_font=&#8221;Sarabun|800||on|||||&#8221; text_text_color=&#8221;#000000&#8243; text_font_size=&#8221;50px&#8221; header_font=&#8221;Caveat|700|||||||&#8221; header_text_align=&#8221;center&#8221; header_text_color=&#8221;#c39d63&#8243; header_font_size=&#8221;33px&#8221; header_letter_spacing=&#8221;4px&#8221; header_line_height=&#8221;1.4em&#8221; custom_padding=&#8221;||||false|false&#8221; header_font_size_tablet=&#8221;&#8221; header_font_size_phone=&#8221;37px&#8221; header_font_size_last_edited=&#8221;on|phone&#8221; global_colors_info=&#8221;{}&#8221;]<\/p>\n<h1>eXTERI\u00c9R<\/h1>\n<p>[\/et_pb_text][et_pb_code _builder_version=&#8221;4.16&#8243; _module_preset=&#8221;default&#8221; global_colors_info=&#8221;{}&#8221;]<!-- [et_pb_line_break_holder] -->[\/et_pb_code][\/et_pb_column][\/et_pb_row][\/et_pb_section][et_pb_section fb_built=&#8221;1&#8243; _builder_version=&#8221;4.16&#8243; _module_preset=&#8221;default&#8221; background_color=&#8221;#000000&#8243; custom_padding=&#8221;27px|||||&#8221; global_colors_info=&#8221;{}&#8221;][et_pb_row _builder_version=&#8221;4.16&#8243; _module_preset=&#8221;default&#8221; width=&#8221;90%&#8221; max_width=&#8221;1299px&#8221; global_colors_info=&#8221;{}&#8221;][et_pb_column type=&#8221;4_4&#8243; _builder_version=&#8221;4.16&#8243; _module_preset=&#8221;default&#8221; global_colors_info=&#8221;{}&#8221;][et_pb_text _builder_version=&#8221;4.16&#8243; _module_preset=&#8221;default&#8221; text_font=&#8221;Sarabun|800||on|||||&#8221; text_text_color=&#8221;#000000&#8243; text_font_size=&#8221;50px&#8221; header_font=&#8221;Caveat|700|||||||&#8221; header_text_align=&#8221;center&#8221; header_text_color=&#8221;#c39d63&#8243; header_font_size=&#8221;33px&#8221; header_letter_spacing=&#8221;4px&#8221; header_line_height=&#8221;1.4em&#8221; custom_padding=&#8221;||||false|false&#8221; header_font_size_tablet=&#8221;&#8221; header_font_size_phone=&#8221;37px&#8221; header_font_size_last_edited=&#8221;on|phone&#8221; global_colors_info=&#8221;{}&#8221;]<\/p>\n<h1>INTERI\u00e9R<\/h1>\n<p>[\/et_pb_text][et_pb_code _builder_version=&#8221;4.16&#8243; _module_preset=&#8221;default&#8221; global_colors_info=&#8221;{}&#8221;]<!-- [et_pb_line_break_holder] -->[\/et_pb_code][\/et_pb_column][\/et_pb_row][\/et_pb_section][et_pb_section fb_built=&#8221;1&#8243; disabled_on=&#8221;on|on|off&#8221; _builder_version=&#8221;4.16&#8243; _module_preset=&#8221;default&#8221; background_image=&#8221;https:\/\/eurobauer.sk\/en\/wp-content\/uploads\/2021\/08\/Viz13.jpg&#8221; custom_padding=&#8221;349px||349px||true|false&#8221; locked=&#8221;off&#8221; global_colors_info=&#8221;{}&#8221;][\/et_pb_section]<\/p>\n","protected":false},"excerpt":{"rendered":"<p>Chalet\u00b4s Sankt JohannesRaj v lone pr\u00edrody Projekt Sankt Johannes je zhmotnen\u00edm pr\u00edrodn\u00fdch prvkov do luxusn\u00e9ho reziden\u010dn\u00e9ho celku, ktor\u00fd je umiestnen\u00fd v objat\u00ed n\u00e1dhernej pr\u00edrody uprostred historickej a r\u00e1zovitej obce Liptovsk\u00fd J\u00e1n. Lokalita: Liptovsk\u00fd J\u00e1n \u2013 J\u00e1nska dolina Projekt: S\u00fakromn\u00fd rezort Po\u010det Chaletov : 8 Predajn\u00e1 plocha chaletov: 812,82 m2 Projekt Sankt Johannes pon\u00faka 8 obytn\u00fdch [&hellip;]<\/p>\n","protected":false},"author":1,"featured_media":0,"parent":0,"menu_order":0,"comment_status":"closed","ping_status":"closed","template":"","meta":{"_et_pb_use_builder":"on","_et_pb_old_content":"","_et_gb_content_width":"","footnotes":""},"_links":{"self":[{"href":"https:\/\/eurobauer.sk\/en\/wp-json\/wp\/v2\/pages\/1110"}],"collection":[{"href":"https:\/\/eurobauer.sk\/en\/wp-json\/wp\/v2\/pages"}],"about":[{"href":"https:\/\/eurobauer.sk\/en\/wp-json\/wp\/v2\/types\/page"}],"author":[{"embeddable":true,"href":"https:\/\/eurobauer.sk\/en\/wp-json\/wp\/v2\/users\/1"}],"replies":[{"embeddable":true,"href":"https:\/\/eurobauer.sk\/en\/wp-json\/wp\/v2\/comments?post=1110"}],"version-history":[{"count":26,"href":"https:\/\/eurobauer.sk\/en\/wp-json\/wp\/v2\/pages\/1110\/revisions"}],"predecessor-version":[{"id":1648,"href":"https:\/\/eurobauer.sk\/en\/wp-json\/wp\/v2\/pages\/1110\/revisions\/1648"}],"wp:attachment":[{"href":"https:\/\/eurobauer.sk\/en\/wp-json\/wp\/v2\/media?parent=1110"}],"curies":[{"name":"wp","href":"https:\/\/api.w.org\/{rel}","templated":true}]}}